{"id":28429,"date":"2016-06-17T15:41:00","date_gmt":"2016-06-17T15:41:00","guid":{"rendered":"https:\/\/risolatin.wpengine.com\/productos\/comcolor-impresoras-de-inyeccion-de-tinta\/"},"modified":"2024-05-16T22:37:30","modified_gmt":"2024-05-16T22:37:30","slug":"comcolor-impresoras-de-inyeccion-de-tinta","status":"publish","type":"page","link":"https:\/\/www.risolatin.com\/es\/productos-riso\/comcolor-impresoras-de-inyeccion-de-tinta\/","title":{"rendered":"ComColor Impresoras de Inyecci\u00f3n de tinta"},"content":{"rendered":"<p>[vc_row css_animation=\u00bb\u00bb row_type=\u00bbrow\u00bb use_row_as_full_screen_section=\u00bbno\u00bb type=\u00bbgrid\u00bb angled_section=\u00bbno\u00bb text_align=\u00bbleft\u00bb background_image_as_pattern=\u00bbwithout_pattern\u00bb background_image=\u00bb29879&#8243; padding_top=\u00bb60&#8243; padding_bottom=\u00bb60&#8243; z_index=\u00bb\u00bb][vc_column][vc_column_text]<\/p>\n<h1 style=\"text-shadow: 1px 2px 5px #00000075; text-align: center;\"><span style=\"color: #ffffff;\">ComColor<span style=\"font-size: 14px; line-height: 65px; text-shadow: 1px 2px 5px #00000075; vertical-align: 22px;\">\u00ae<\/span> Impresoras de Inyecci\u00f3n de tinta<\/span><\/h1>\n<p>[\/vc_column_text][vc_row_inner row_type=\u00bbrow\u00bb type=\u00bbgrid\u00bb text_align=\u00bbcenter\u00bb css_animation=\u00bb\u00bb padding_top=\u00bb40&#8243; padding_bottom=\u00bb40&#8243;][vc_column_inner width=\u00bb1\/3&#8243;][vc_single_image image=\u00bb30184&#8243; img_size=\u00bbfull\u00bb alignment=\u00bbcenter\u00bb style=\u00bbvc_box_rounded\u00bb onclick=\u00bbcustom_link\u00bb qode_css_animation=\u00bb\u00bb link=\u00bbhttps:\/\/www.risolatin.com\/es\/productos-riso\/comcolor-impresoras-de-inyeccion-de-tinta\/impresora-inyeccion-de-tinta\/\u00bb][vc_empty_space][vc_column_text css=\u00bb.vc_custom_1715816103631{margin-top: 20px !important;}\u00bb]<\/p>\n<h2 style=\"color: #000000;\"><span style=\"color: #ffffff;\">Serie FT<\/span><\/h2>\n<p style=\"color: #ffffff;\"><a style=\"color: #ffffff;\" href=\"https:\/\/www.risolatin.com\/es\/productos-riso\/comcolor-impresoras-de-inyeccion-de-tinta\/impresora-inyeccion-de-tinta\/\">Modelos<\/a> <i class=\"fa fa-caret-right\"><\/i><\/p>\n<p>[\/vc_column_text][\/vc_column_inner][vc_column_inner width=\u00bb1\/3&#8243;][vc_single_image image=\u00bb30187&#8243; img_size=\u00bbfull\u00bb alignment=\u00bbcenter\u00bb style=\u00bbvc_box_rounded\u00bb onclick=\u00bbcustom_link\u00bb qode_css_animation=\u00bb\u00bb link=\u00bbhttps:\/\/www.risolatin.com\/es\/productos-riso\/comcolor-impresoras-de-inyeccion-de-tinta\/gl-comcolor-impresoras-de-inyeccion-de-tinta\/\u00bb][vc_empty_space][vc_column_text css=\u00bb.vc_custom_1715816117326{margin-top: 20px !important;}\u00bb]<\/p>\n<h2 style=\"color: #000000;\"><span style=\"color: #ffffff;\">Serie GL<\/span><\/h2>\n<p style=\"color: #ffffff;\"><a style=\"color: #ffffff;\" href=\"https:\/\/www.risolatin.com\/es\/productos-riso\/comcolor-impresoras-de-inyeccion-de-tinta\/gl-comcolor-impresoras-de-inyeccion-de-tinta\/\">Modelos<\/a> <i class=\"fa fa-caret-right\"><\/i><\/p>\n<p>[\/vc_column_text][\/vc_column_inner][vc_column_inner width=\u00bb1\/3&#8243;][vc_single_image image=\u00bb30190&#8243; img_size=\u00bbfull\u00bb alignment=\u00bbcenter\u00bb style=\u00bbvc_box_rounded\u00bb onclick=\u00bbcustom_link\u00bb qode_css_animation=\u00bb\u00bb link=\u00bbhttps:\/\/www.risolatin.com\/es\/productos-riso\/comcolor-impresoras-de-inyeccion-de-tinta\/prensa-de-produccion-valezus\/\u00bb][vc_empty_space][vc_column_text css=\u00bb.vc_custom_1715816132328{margin-top: 20px !important;}\u00bb]<\/p>\n<h3 style=\"color: #000000;\"><span style=\"color: #ffffff;\">VALEZUS<\/span><\/h3>\n<p style=\"color: #ffffff;\"><a style=\"color: #ffffff;\" href=\"https:\/\/www.risolatin.com\/es\/productos-riso\/comcolor-impresoras-de-inyeccion-de-tinta\/prensa-de-produccion-valezus\/\">Modelos<\/a> <i class=\"fa fa-caret-right\"><\/i><\/p>\n<p>[\/vc_column_text][\/vc_column_inner][\/vc_row_inner][\/vc_column][\/vc_row][vc_row css_animation=\u00bb\u00bb row_type=\u00bbrow\u00bb use_row_as_full_screen_section=\u00bbno\u00bb type=\u00bbfull_width\u00bb angled_section=\u00bbno\u00bb text_align=\u00bbleft\u00bb background_image_as_pattern=\u00bbwithout_pattern\u00bb css=\u00bb.vc_custom_1466626896522{margin-top: -20px !important;margin-bottom: -20px !important;}\u00bb][vc_column][vc_empty_space height=\u00bb40px\u00bb][\/vc_column][\/vc_row][vc_row css_animation=\u00bb\u00bb row_type=\u00bbrow\u00bb use_row_as_full_screen_section=\u00bbno\u00bb type=\u00bbfull_width\u00bb angled_section=\u00bbno\u00bb text_align=\u00bbleft\u00bb background_image_as_pattern=\u00bbwithout_pattern\u00bb][vc_column][vc_empty_space height=\u00bb40px\u00bb][vc_column_text]<\/p>\n<h2 style=\"font-size: 40px; color: #000000; font-weight: bold; line-height: 41px; text-align: center;\"><span style=\"color: #000000;\">El PODER de la INYECCI\u00d3N DE TINTA<\/span><br \/>\n<span style=\"color: #000000;\">para su organizaci\u00f3n<\/span><\/h2>\n<p>[\/vc_column_text][\/vc_column][\/vc_row][vc_row css_animation=\u00bb\u00bb row_type=\u00bbrow\u00bb use_row_as_full_screen_section=\u00bbno\u00bb type=\u00bbgrid\u00bb angled_section=\u00bbno\u00bb text_align=\u00bbcenter\u00bb background_image_as_pattern=\u00bbwithout_pattern\u00bb background_color=\u00bb#ffffff\u00bb padding_top=\u00bb52&#8243; padding_bottom=\u00bb74&#8243;][vc_column width=\u00bb1\/4&#8243;][\/vc_column][vc_column width=\u00bb1\/2&#8243;][vc_video link=\u00bbhttps:\/\/youtu.be\/2cNCS1lkk18&#8243; align=\u00bbcenter\u00bb css=\u00bb.vc_custom_1715872797214{margin-top: 40px !important;}\u00bb][vc_column_text]<em><span style=\"font-size: 14px;\">Para subt\u00edtulos en su idioma de preferencia, abra los Ajustes &gt;&gt; Subt\u00edtulos&gt; &gt; Auto traductor&gt;&gt; seleccione el idioma<\/span><\/em>[\/vc_column_text][\/vc_column][vc_column width=\u00bb1\/4&#8243;][\/vc_column][\/vc_row][vc_row css_animation=\u00bb\u00bb row_type=\u00bbrow\u00bb use_row_as_full_screen_section=\u00bbno\u00bb type=\u00bbgrid\u00bb angled_section=\u00bbno\u00bb text_align=\u00bbleft\u00bb background_image_as_pattern=\u00bbwithout_pattern\u00bb background_color=\u00bb#c6cff0&#8243; padding_top=\u00bb52&#8243; padding_bottom=\u00bb74&#8243; z_index=\u00bb\u00bb][vc_column][vc_row_inner row_type=\u00bbrow\u00bb type=\u00bbfull_width\u00bb text_align=\u00bbleft\u00bb css_animation=\u00bb\u00bb][vc_column_inner width=\u00bb1\/3&#8243;][vc_single_image image=\u00bb29831&#8243; img_size=\u00bbfull\u00bb style=\u00bbvc_box_rounded\u00bb qode_css_animation=\u00bb\u00bb][\/vc_column_inner][vc_column_inner width=\u00bb2\/3&#8243;][vc_column_text]<\/p>\n<h2 style=\"font-size: 40px; color: #000; font-weight: bold;\">La magia de la tecnolog\u00eda FORCEJET<\/h2>\n<p data-sourcepos=\"1:1-1:112\">La tecnolog\u00eda FORCEJET\u2122 se encuentra <strong>exclusivamente<\/strong> en la l\u00ednea de productos de inyecci\u00f3n de tinta de RISO.<\/p>\n<p data-sourcepos=\"3:1-3:309\">RISO bas\u00f3 su tecnolog\u00eda de inyecci\u00f3n de tinta en el chasis de la duplicadora, pero en lugar de cilindros de tinta individuales, RISO utiliz\u00f3 cabezales de impresi\u00f3n de inyecci\u00f3n de tinta capaces de crear im\u00e1genes variables a todo color.<\/p>\n<p data-sourcepos=\"5:1-5:17\"><strong>C\u00f3mo funciona<\/strong><\/p>\n<p data-sourcepos=\"7:1-7:804\">Las impresoras de inyecci\u00f3n de tinta de alta velocidad RISO ComColor\u00ae emplean <strong>24 cabezales de impresi\u00f3n piezoel\u00e9ctricos en l\u00ednea de gota a demanda<\/strong> para cada uno de los cuatro colores (cian, magenta, amarillo y negro, y en el caso de la serie ComColor GL, el quinto color, gris). Estos utilizan la vibraci\u00f3n para crear gotas de tinta, los cabezales de impresi\u00f3n son estacionarios y el papel pasa por debajo de ellos, a medida que el papel se mueve por debajo de los cabezales de impresi\u00f3n, estos depositan los colores individualmente, debido a que los cabezales est\u00e1n fijos es que tenemos como resultado altas velocidades de impresi\u00f3n as\u00ed como una vida \u00fatil m\u00e1s larga.<\/p>\n<p>[\/vc_column_text][\/vc_column_inner][\/vc_row_inner][vc_row_inner row_type=\u00bbrow\u00bb type=\u00bbfull_width\u00bb text_align=\u00bbleft\u00bb css_animation=\u00bb\u00bb css=\u00bb.vc_custom_1466627003016{margin-top: 86px !important;}\u00bb][vc_column_inner width=\u00bb2\/3&#8243;][vc_column_text]<\/p>\n<h2><span style=\"color: #000000;\">R\u00e1pidas, m\u00e1s accesibles y m\u00e1s confiables\u00a0<\/span><\/h2>\n<p>Los cabezales t\u00e9rmicos de impresi\u00f3n de inyecci\u00f3n de tinta se encuentran en casi todas las impresoras, a diferencia de los sistemas piezoel\u00e9ctricos, las impresoras de inyecci\u00f3n t\u00e9rmica de tinta utilizan una carga el\u00e9ctrica para calentar la tinta dentro del cartucho para formar gotitas de tinta, el cabezal de impresi\u00f3n va y viene a trav\u00e9s de la p\u00e1gina para aplicar la tinta en el papel. Como resultado, esta tecnolog\u00eda es mucho m\u00e1s lenta y mucho menos confiable, y el coste por p\u00e1gina es sustancialmente m\u00e1s alto que la tecnolog\u00eda FORCEJET de RISO. Las impresoras de inyecci\u00f3n de tinta t\u00e9rmica tambi\u00e9n tienen una duraci\u00f3n esperada mucho m\u00e1s corta. Hay impresoras de inyecci\u00f3n de tinta del grado comercial que usan la tecnolog\u00eda del cabezal de ir y venir a disposici\u00f3n que ofrecen altas velocidades de impresi\u00f3n, a\u00fan as\u00ed siguen siendo mucho m\u00e1s lentas a comparaci\u00f3n de ComColor.<\/p>\n<p>Las impresoras de inyecci\u00f3n de tinta son generalmente menos costosas que los dispositivos basados en toner. El calor utilizado por las impresoras basadas en t\u00f3ner para fusionarlo y fijarlo a la p\u00e1gina hace que estas m\u00e1quinas sean m\u00e1s vulnerables y tengan un mayor periodo de inactividad, mayores costos de servicio y vidas m\u00e1s cortas. El t\u00f3ner es tambi\u00e9n incompatible con pl\u00e1stico y muchos tipos de papel, es propenso a craqueo y la formaci\u00f3n de escamas en el sustrato. Sus necesidades de calor tambi\u00e9n hacen que estas sean mucho menos eficientes energ\u00e9ticamente.[\/vc_column_text][\/vc_column_inner][vc_column_inner width=\u00bb1\/3&#8243;][vc_single_image image=\u00bb26978&#8243; img_size=\u00bbfull\u00bb style=\u00bbvc_box_rounded\u00bb qode_css_animation=\u00bb\u00bb][\/vc_column_inner][\/vc_row_inner][\/vc_column][\/vc_row][vc_row css_animation=\u00bb\u00bb row_type=\u00bbrow\u00bb use_row_as_full_screen_section=\u00bbno\u00bb type=\u00bbgrid\u00bb angled_section=\u00bbno\u00bb text_align=\u00bbleft\u00bb background_image_as_pattern=\u00bbwithout_pattern\u00bb padding_top=\u00bb90&#8243; padding_bottom=\u00bb110&#8243;][vc_column width=\u00bb1\/3&#8243;][vc_single_image image=\u00bb28362&#8243; img_size=\u00bbfull\u00bb style=\u00bbvc_box_rounded\u00bb qode_css_animation=\u00bb\u00bb][\/vc_column][vc_column width=\u00bb2\/3&#8243;][vc_column_text]<\/p>\n<h1>La revoluci\u00f3n de la impresi\u00f3n de Datos Variables<\/h1>\n<p>La impresi\u00f3n de Datos Variables, o IDV, es una forma de impresi\u00f3n por encargo en la que elementos como texto, gr\u00e1ficos e im\u00e1genes cambian de una pieza impresa a la siguiente usando informaci\u00f3n de una base de datos. Las aplicaciones actuales de IDV van mucho m\u00e1s all\u00e1 que las cartas personalizadas por l\u00e1ser, facturas y estados de cuenta del cliente de las d\u00e9cadas recientes. Ahora es posible personalizar una gran variedad de documentos de los folletos de ventas a reportes de capacitaci\u00f3n para cumplir las necesidades, intereses y preferencias de los clientes individuales, empleados o miembros. La IDV ha demostrado aumentar la eficacia del rendimiento impresa ya sea que se mida: por las tasas de respuesta, lectores, rentabilidad de la inversi\u00f3n o la satisfacci\u00f3n del cliente.<\/p>\n<p>Las impresoras de inyecci\u00f3n de tinta, ComColor RISO, producen documentos de Dato Variable a color, de manera f\u00e1cil y accesible. Ya sea que cada p\u00e1gina sea completamente diferente o una fusi\u00f3n simple de correo se est\u00e9 utilizando s\u00f3lo para poner un nombre y una direcci\u00f3n en una p\u00e1gina, tarjeta postal o un sobre, una impresora de inyecci\u00f3n de tinta ComColor puede manejar una gran gama de documentos impresos de Datos Variables.<\/p>\n<p>Las impresoras de inyecci\u00f3n de tinta de alta velocidad, ComColor de RISO, ayudan a las imprentas comerciales que consideren la expansi\u00f3n a los servicios de correo para generar mayores beneficios econ\u00f3micos. NEED TRANSLATION (Printers can still turn a profit on the unit with every day print jobs while they prospect for mailing applications.) NEED TRANSLATION (A dedicated mailing system will tie up valuable resources until the printer finds enough business for it to break even.) NEEDS TRANSLATION (The same can be said for the mail house that may want to start offering print services.) Nuestras impresoras de inyecci\u00f3n de tinta ComColor permiten que los negocios de servicios de correo contin\u00faen ejecutando sus aplicaciones sobre ella.<\/p>\n<p>Pero no hay que ser una imprenta comercial o una empresa de procesamiento de correo para aprovechar la IDV de ComColor. Las impresoras de inyecci\u00f3n de tinta ComColor no requieren de un operador experto, por lo que pr\u00e1cticamente cualquier oficina puede producir respuestas comerciales personalizadas, boletines de noticias, garant\u00eda de ventas, equipos de capacitaci\u00f3n, pruebas de evaluaci\u00f3n, reportes y m\u00e1s. Nuestras m\u00e1quinas est\u00e1n hechas tambi\u00e9n para las funciones tradicionales de oficina, tales como la facturaci\u00f3n y la impresi\u00f3n de declaraciones del cliente.<\/p>\n<p>Hay dos funciones operacionales de IDV; en la primera metodolog\u00eda, la plantilla de documento y la informaci\u00f3n variable son enviadas a impresi\u00f3n y el procesador de im\u00e1genes rasterizadas (PIR) combina los dos para obtener cada documento \u00fanico. La otra metodolog\u00eda es para combinar los elementos est\u00e1ticos y variables antes de imprimir, usando aplicaciones especializadas de software de IDV. Estas aplicaciones producen un flujo de impresi\u00f3n \u00f3ptimo, tales como PostScript, que organizan el flujo de impresi\u00f3n de manera eficiente para que los elementos est\u00e1ticos s\u00f3lo se procesen una vez por el PIR.<\/p>\n<p>RISO ofrece a los usuarios el RIP PostScript que es necesario si se imprime desde un ordenador IOs. Usuarios comerciales, en Planta y otros, que imprimen de aplicaciones PostScript tales como Adobe InDesign, Quark y Page Maker debe optar por el PIR PostScript. Los usuarios generales de oficina que imprimen de las aplicaciones Microsoft deben seleccionar el PIR GDI.[\/vc_column_text][\/vc_column][\/vc_row][vc_row css_animation=\u00bb\u00bb row_type=\u00bbrow\u00bb use_row_as_full_screen_section=\u00bbno\u00bb type=\u00bbgrid\u00bb angled_section=\u00bbno\u00bb text_align=\u00bbleft\u00bb background_image_as_pattern=\u00bbwithout_pattern\u00bb background_color=\u00bb#c6cff0&#8243; padding_top=\u00bb70&#8243; padding_bottom=\u00bb50&#8243; z_index=\u00bb\u00bb][vc_column width=\u00bb3\/4&#8243;][vc_column_text]<\/p>\n<h2 style=\"font-size: 40px; line-height: 60px; color: #000000;\">Accesorios ComColor<\/h2>\n<h2>\u00a1Los accesorios que aumentan la productividad automatizan el flujo y agilizan la producci\u00f3n de impresi\u00f3n!<\/h2>\n<p>RISO ofrece una amplia gama de accesorios listos para procesar de forma eficaz la impresi\u00f3n de alto volumen con diversos procesos, como la alimentaci\u00f3n de papel, el grapado, la perforaci\u00f3n, la encuadernaci\u00f3n, etc., a la vez que acorta el tiempo de trabajo y reduce los costos de terciarizaci\u00f3n\/personal. El funcionamiento autom\u00e1tico, sencillo y confiable, minimiza los errores asociados al funcionamiento manual.[\/vc_column_text][\/vc_column][vc_column width=\u00bb1\/4&#8243;][vc_row_inner row_type=\u00bbrow\u00bb type=\u00bbfull_width\u00bb text_align=\u00bbcenter\u00bb css_animation=\u00bb\u00bb][vc_column_inner][vc_single_image image=\u00bb26710&#8243; img_size=\u00bbfull\u00bb alignment=\u00bbcenter\u00bb style=\u00bbvc_box_rounded\u00bb onclick=\u00bbcustom_link\u00bb img_link_target=\u00bb_blank\u00bb qode_css_animation=\u00bb\u00bb link=\u00bb\/wp-content\/uploads\/assets\/accessories-brochure.pdf\u00bb]<a  itemprop=\"url\" href=\"\/wp-content\/uploads\/2023\/08\/gl-accessories_en.pdf\" target=\"_blank\" data-hover-background-color='#ffffff' data-hover-border-color='#5d1c82' data-hover-color='#5d1c82' class=\"qbutton  small center default\" style=\"color: #ffffff; border-color: #5d1c82; margin: 20px 0 20px 0px; border-radius: 4px;-moz-border-radius: 4px;-webkit-border-radius: 4px; background-color: #5d1c82;\">DESCARGUE EL FOLLETO<\/a>[\/vc_column_inner][\/vc_row_inner][\/vc_column][\/vc_row]<\/p>\n","protected":false},"excerpt":{"rendered":"<p>[vc_row css_animation=\u00bb\u00bb row_type=\u00bbrow\u00bb use_row_as_full_screen_section=\u00bbno\u00bb type=\u00bbgrid\u00bb angled_section=\u00bbno\u00bb text_align=\u00bbleft\u00bb background_image_as_pattern=\u00bbwithout_pattern\u00bb background_image=\u00bb29879&#8243; padding_top=\u00bb60&#8243; padding_bottom=\u00bb60&#8243; z_index=\u00bb\u00bb][vc_column][vc_column_text] ComColor\u00ae Impresoras de Inyecci\u00f3n de tinta [\/vc_column_text][vc_row_inner row_type=\u00bbrow\u00bb type=\u00bbgrid\u00bb text_align=\u00bbcenter\u00bb css_animation=\u00bb\u00bb padding_top=\u00bb40&#8243; padding_bottom=\u00bb40&#8243;][vc_column_inner width=\u00bb1\/3&#8243;][vc_single_image image=\u00bb30184&#8243; img_size=\u00bbfull\u00bb alignment=\u00bbcenter\u00bb style=\u00bbvc_box_rounded\u00bb onclick=\u00bbcustom_link\u00bb qode_css_animation=\u00bb\u00bb link=\u00bbhttps:\/\/www.risolatin.com\/es\/productos-riso\/comcolor-impresoras-de-inyeccion-de-tinta\/impresora-inyeccion-de-tinta\/\u00bb][vc_empty_space][vc_column_text css=\u00bb.vc_custom_1715816103631{margin-top: 20px !important;}\u00bb] Serie FT Modelos [\/vc_column_text][\/vc_column_inner][vc_column_inner width=\u00bb1\/3&#8243;][vc_single_image image=\u00bb30187&#8243; img_size=\u00bbfull\u00bb alignment=\u00bbcenter\u00bb style=\u00bbvc_box_rounded\u00bb&#8230;<\/p>\n","protected":false},"author":1,"featured_media":29667,"parent":28426,"menu_order":1,"comment_status":"closed","ping_status":"closed","template":"full_width.php","meta":{"_uf_show_specific_survey":0,"_uf_disable_surveys":false,"footnotes":""},"class_list":["post-28429","page","type-page","status-publish","has-post-thumbnail","hentry"],"_links":{"self":[{"href":"https:\/\/www.risolatin.com\/es\/wp-json\/wp\/v2\/pages\/28429","targetHints":{"allow":["GET"]}}],"collection":[{"href":"https:\/\/www.risolatin.com\/es\/wp-json\/wp\/v2\/pages"}],"about":[{"href":"https:\/\/www.risolatin.com\/es\/wp-json\/wp\/v2\/types\/page"}],"author":[{"embeddable":true,"href":"https:\/\/www.risolatin.com\/es\/wp-json\/wp\/v2\/users\/1"}],"replies":[{"embeddable":true,"href":"https:\/\/www.risolatin.com\/es\/wp-json\/wp\/v2\/comments?post=28429"}],"version-history":[{"count":0,"href":"https:\/\/www.risolatin.com\/es\/wp-json\/wp\/v2\/pages\/28429\/revisions"}],"up":[{"embeddable":true,"href":"https:\/\/www.risolatin.com\/es\/wp-json\/wp\/v2\/pages\/28426"}],"wp:featuredmedia":[{"embeddable":true,"href":"https:\/\/www.risolatin.com\/es\/wp-json\/wp\/v2\/media\/29667"}],"wp:attachment":[{"href":"https:\/\/www.risolatin.com\/es\/wp-json\/wp\/v2\/media?parent=28429"}],"curies":[{"name":"wp","href":"https:\/\/api.w.org\/{rel}","templated":true}]}}