{"id":28492,"date":"2022-12-07T15:18:03","date_gmt":"2022-12-07T15:18:03","guid":{"rendered":"https:\/\/risolatin.wpengine.com\/productos\/comcolor-impresoras-de-inyeccion-de-tinta\/series-valezus\/"},"modified":"2024-05-23T22:59:15","modified_gmt":"2024-05-23T22:59:15","slug":"prensa-de-produccion-valezus","status":"publish","type":"page","link":"https:\/\/www.risolatin.com\/es\/productos-riso\/comcolor-impresoras-de-inyeccion-de-tinta\/prensa-de-produccion-valezus\/","title":{"rendered":"Series VALEZUS"},"content":{"rendered":"<p>[vc_row css_animation=\u00bb\u00bb row_type=\u00bbrow\u00bb use_row_as_full_screen_section=\u00bbno\u00bb type=\u00bbfull_width\u00bb angled_section=\u00bbno\u00bb text_align=\u00bbleft\u00bb background_image_as_pattern=\u00bbwithout_pattern\u00bb background_image=\u00bb29879&#8243; side_padding=\u00bb8&#8243; padding_top=\u00bb60&#8243; padding_bottom=\u00bb60&#8243; z_index=\u00bb\u00bb][vc_column width=\u00bb1\/4&#8243;][vc_single_image image=\u00bb27922&#8243; img_size=\u00bbfull\u00bb qode_css_animation=\u00bb\u00bb][vc_empty_space height=\u00bb20px\u00bb][vc_column_text]<\/p>\n<h2 style=\"color: #fff;\">Impresoras de Inyecci\u00f3n de Tinta<\/h2>\n<p>[\/vc_column_text][\/vc_column][vc_column width=\u00bb1\/4&#8243;]<div class='image_hover ' style='' data-transition-delay=''><div class='images_holder'><a itemprop='url' href='https:\/\/www.risolatin.com\/es\/productos-riso\/comcolor-impresoras-de-inyeccion-de-tinta\/series-ft\/' target='_self'><img itemprop='image' class='active_image ' src='https:\/\/www.risolatin.com\/wp-content\/uploads\/2023\/10\/ft-series-top-button-es.webp' alt='' style='' \/><img itemprop='image' class='hover_image' src='https:\/\/www.risolatin.com\/wp-content\/uploads\/2021\/07\/ft-series-top-button-on.jpg' alt='' style='' \/><\/a><\/div><\/div>[\/vc_column][vc_column width=\u00bb1\/4&#8243;]<div class='image_hover ' style='' data-transition-delay=''><div class='images_holder'><a itemprop='url' href='https:\/\/www.risolatin.com\/es\/productos-riso\/comcolor-impresoras-de-inyeccion-de-tinta\/series-gl\/' target='_self'><img itemprop='image' class='active_image ' src='https:\/\/www.risolatin.com\/wp-content\/uploads\/2023\/10\/gl-top-button-es.webp' alt='' style='' \/><img itemprop='image' class='hover_image' src='https:\/\/www.risolatin.com\/wp-content\/uploads\/2022\/06\/gl-top-button-on.webp' alt='' style='' \/><\/a><\/div><\/div>[\/vc_column][vc_column width=\u00bb1\/4&#8243;][vc_single_image image=\u00bb28192&#8243; img_size=\u00bbfull\u00bb style=\u00bbvc_box_rounded\u00bb qode_css_animation=\u00bb\u00bb][\/vc_column][\/vc_row][vc_row css_animation=\u00bb\u00bb row_type=\u00bbrow\u00bb use_row_as_full_screen_section=\u00bbno\u00bb type=\u00bbgrid\u00bb angled_section=\u00bbno\u00bb text_align=\u00bbleft\u00bb background_image_as_pattern=\u00bbwithout_pattern\u00bb padding_top=\u00bb75&#8243; padding_bottom=\u00bb80&#8243;][vc_column][vc_single_image image=\u00bb30686&#8243; img_size=\u00bblarge\u00bb alignment=\u00bbcenter\u00bb qode_css_animation=\u00bb\u00bb][vc_empty_space height=\u00bb60px\u00bb][vc_column_text]<\/p>\n<h2 style=\"text-align: center;\"><span style=\"color: #000000;\">Dise\u00f1ado para velocidad, estabilidad y trabajos de impresi\u00f3n de producci\u00f3n de alto volumen<\/span><\/h2>\n<p style=\"text-align: center;\"><span style=\"color: #000000;\">En aplicaciones de impresi\u00f3n de alto volumen, como la transaccional en imprentas, instituciones financieras, compa\u00f1\u00edas de seguros y oficinas gubernamentales, la serie VALEZUS abre un mundo de nuevas posibilidades en la impresi\u00f3n de hojas sueltas.<\/span><\/p>\n<p>[\/vc_column_text][\/vc_column][\/vc_row][vc_row css_animation=\u00bb\u00bb row_type=\u00bbrow\u00bb use_row_as_full_screen_section=\u00bbno\u00bb type=\u00bbgrid\u00bb angled_section=\u00bbno\u00bb text_align=\u00bbleft\u00bb background_image_as_pattern=\u00bbwithout_pattern\u00bb padding_top=\u00bb20&#8243; padding_bottom=\u00bb20&#8243; z_index=\u00bb\u00bb][vc_column width=\u00bb1\/6&#8243;][\/vc_column][vc_column width=\u00bb2\/3&#8243;][vc_video link=\u00bbhttps:\/\/youtu.be\/CrakeHK4wl8&#8243; align=\u00bbcenter\u00bb][\/vc_column][vc_column width=\u00bb1\/6&#8243;][\/vc_column][\/vc_row][vc_row css_animation=\u00bb\u00bb row_type=\u00bbrow\u00bb use_row_as_full_screen_section=\u00bbno\u00bb type=\u00bbfull_width\u00bb angled_section=\u00bbno\u00bb text_align=\u00bbleft\u00bb background_image_as_pattern=\u00bbwithout_pattern\u00bb][vc_column][vc_empty_space][\/vc_column][\/vc_row][vc_row css_animation=\u00bb\u00bb row_type=\u00bbrow\u00bb use_row_as_full_screen_section=\u00bbno\u00bb type=\u00bbgrid\u00bb angled_section=\u00bbno\u00bb text_align=\u00bbleft\u00bb background_image_as_pattern=\u00bbwithout_pattern\u00bb z_index=\u00bb\u00bb padding_top=\u00bb60&#8243; padding_bottom=\u00bb60&#8243;][vc_column width=\u00bb2\/3&#8243;][vc_column_text]<\/p>\n<h3 style=\"color: #ffffff; font-size: 25px; text-align: center;\"><strong><span style=\"color: #000000;\">\u00a1Experimente la impresi\u00f3n d\u00faplex a un ritmo ultrarr\u00e1pido!<\/span><\/strong><\/h3>\n<p>[\/vc_column_text][\/vc_column][vc_column width=\u00bb1\/3&#8243;]<a  itemprop=\"url\" href=\"https:\/\/www.risolatin.com\/es\/contact\/\" target=\"_self\" data-hover-background-color='#ffffff' data-hover-border-color='#ffffff' data-hover-color='#5b3292' class=\"qbutton  medium default\" style=\"color: #ffffff; border-color: #5b3292; border-radius: 4px;-moz-border-radius: 4px;-webkit-border-radius: 4px; background-color: #5b3292;\">Quiero saber m\u00e1s<\/a>[\/vc_column][\/vc_row][vc_row css_animation=\u00bb\u00bb row_type=\u00bbrow\u00bb use_row_as_full_screen_section=\u00bbno\u00bb type=\u00bbgrid\u00bb angled_section=\u00bbno\u00bb text_align=\u00bbleft\u00bb background_image_as_pattern=\u00bbwithout_pattern\u00bb][vc_column][vc_separator type=\u00bbnormal\u00bb color=\u00bb#acacac\u00bb thickness=\u00bb1&#8243; up=\u00bb40&#8243; down=\u00bb45&#8243;][vc_row_inner row_type=\u00bbrow\u00bb type=\u00bbfull_width\u00bb text_align=\u00bbleft\u00bb css_animation=\u00bb\u00bb][vc_column_inner width=\u00bb1\/3&#8243;][vc_single_image image=\u00bb28372&#8243; img_size=\u00bbfull\u00bb alignment=\u00bbcenter\u00bb onclick=\u00bbcustom_link\u00bb qode_css_animation=\u00bb\u00bb link=\u00bb\/es\/productos\/comcolor-impresoras-de-inyeccion-de-tinta\/series-valezus\/valezus-t2200\/\u00bb]<a id=\"product_button\" itemprop=\"url\" href=\"https:\/\/www.risolatin.com\/es\/productos-riso\/comcolor-impresoras-de-inyeccion-de-tinta\/prensa-de-produccion-valezus\/valezus-t2200\/\" target=\"_self\" data-hover-background-color='#ffffff' data-hover-border-color='#ffffff' data-hover-color='#5b3292' class=\"qbutton  small center enlarge\" style=\"color: #ffffff; border-color: #5b3292; font-style: normal; font-weight: 800; border-radius: 4px;-moz-border-radius: 4px;-webkit-border-radius: 4px; background-color: #5b3292;\">VER PRODUCTO<i class=\"qode_icon_font_awesome fa fa-caret-right qode_button_icon_element\" style=\"color: #ffffff;\" ><\/i><\/a>[\/vc_column_inner][vc_column_inner width=\u00bb2\/3&#8243;][vc_column_text]<\/p>\n<h2>VALEZUS T2200<\/h2>\n<p>F\u00e1cil integraci\u00f3n para un flujo de trabajo ininterrumpido[\/vc_column_text][vc_column_text]<img loading=\"lazy\" decoding=\"async\" class=\"alignnone wp-image-15088 size-full\" style=\"vertical-align: middle;\" src=\"https:\/\/www.risolatin.com\/wp-content\/uploads\/2016\/06\/icon-ppm.png\" alt=\"icon-ppm\" width=\"58\" height=\"40\" \/>330 impresiones por minuto<\/p>\n<p><img loading=\"lazy\" decoding=\"async\" class=\"alignnone wp-image-15093 size-full\" style=\"vertical-align: middle;\" src=\"https:\/\/www.risolatin.com\/wp-content\/uploads\/2016\/06\/icon-sheet-capacity.png\" alt=\"icon-sheet-capacity\" width=\"58\" height=\"40\" \/>Capacidad para 4,000 hojas<\/p>\n<p><img loading=\"lazy\" decoding=\"async\" class=\"alignnone wp-image-15092 size-full\" style=\"vertical-align: middle;\" src=\"https:\/\/www.risolatin.com\/wp-content\/uploads\/2016\/06\/icon-paper-size.png\" alt=\"icon-paper-size\" width=\"58\" height=\"40\" \/>Doble charola de alimentaci\u00f3n y apliadora<\/p>\n<p><img loading=\"lazy\" decoding=\"async\" class=\"alignnone size-full wp-image-15091\" style=\"vertical-align: middle;\" src=\"https:\/\/www.risolatin.com\/wp-content\/uploads\/2016\/06\/icon-fast.png\" alt=\"icon-fast\" width=\"58\" height=\"40\" \/>R\u00e1pida[\/vc_column_text][\/vc_column_inner][\/vc_row_inner][vc_separator type=\u00bbnormal\u00bb color=\u00bb#acacac\u00bb thickness=\u00bb1&#8243; up=\u00bb40&#8243; down=\u00bb45&#8243;][vc_row_inner row_type=\u00bbrow\u00bb type=\u00bbfull_width\u00bb text_align=\u00bbleft\u00bb css_animation=\u00bb\u00bb][vc_column_inner width=\u00bb1\/3&#8243;][vc_single_image image=\u00bb28174&#8243; img_size=\u00bbfull\u00bb alignment=\u00bbcenter\u00bb onclick=\u00bbcustom_link\u00bb qode_css_animation=\u00bb\u00bb link=\u00bb\/es\/productos\/comcolor-impresoras-de-inyeccion-de-tinta\/series-valezus\/valezus-t1200\/\u00bb]<a id=\"product_button\" itemprop=\"url\" href=\"https:\/\/www.risolatin.com\/es\/productos-riso\/comcolor-impresoras-de-inyeccion-de-tinta\/prensa-de-produccion-valezus\/valezus-t1200\/\" target=\"_self\" data-hover-background-color='#ffffff' data-hover-border-color='#ffffff' data-hover-color='#5b3292' class=\"qbutton  small center enlarge\" style=\"color: #ffffff; border-color: #5b3292; font-style: normal; font-weight: 800; border-radius: 4px;-moz-border-radius: 4px;-webkit-border-radius: 4px; background-color: #5b3292;\">VER PRODUCTO<i class=\"qode_icon_font_awesome fa fa-caret-right qode_button_icon_element\" style=\"color: #ffffff;\" ><\/i><\/a>[\/vc_column_inner][vc_column_inner width=\u00bb2\/3&#8243;][vc_column_text]<\/p>\n<h2>VALEZUS T1200<\/h2>\n<p>Confiabilidad Flexible.[\/vc_column_text][vc_column_text]<img loading=\"lazy\" decoding=\"async\" class=\"alignnone wp-image-15088 size-full\" style=\"vertical-align: middle;\" src=\"https:\/\/www.risolatin.com\/wp-content\/uploads\/2016\/06\/icon-ppm.png\" alt=\"\" width=\"58\" height=\"40\" \/>165 impresiones por minuto<\/p>\n<p><img loading=\"lazy\" decoding=\"async\" class=\"alignnone wp-image-15093 size-full\" style=\"vertical-align: middle;\" src=\"https:\/\/www.risolatin.com\/wp-content\/uploads\/2016\/06\/icon-sheet-capacity.png\" alt=\"\" width=\"58\" height=\"40\" \/>Capacidad para 4,000 hojas<\/p>\n<p><img loading=\"lazy\" decoding=\"async\" class=\"alignnone wp-image-15092 size-full\" style=\"vertical-align: middle;\" src=\"https:\/\/www.risolatin.com\/wp-content\/uploads\/2016\/06\/icon-paper-size.png\" alt=\"\" width=\"58\" height=\"40\" \/>Compatible con los formatos AFP\/IPDS, PS y PDF<\/p>\n<p><img loading=\"lazy\" decoding=\"async\" class=\"alignnone wp-image-15090 size-full\" style=\"vertical-align: middle;\" src=\"https:\/\/www.risolatin.com\/wp-content\/uploads\/2016\/06\/icon-low-costs.png\" width=\"58\" height=\"40\" \/>Bajos costos operativos[\/vc_column_text][\/vc_column_inner][\/vc_row_inner][\/vc_column][\/vc_row][vc_row css_animation=\u00bb\u00bb row_type=\u00bbrow\u00bb use_row_as_full_screen_section=\u00bbno\u00bb type=\u00bbgrid\u00bb angled_section=\u00bbno\u00bb text_align=\u00bbleft\u00bb background_image_as_pattern=\u00bbwithout_pattern\u00bb background_color=\u00bb#5b3292&#8243; border_color=\u00bb#ffffff\u00bb padding_top=\u00bb40&#8243; padding_bottom=\u00bb40&#8243; css=\u00bb.vc_custom_1466711492251{margin-top: 100px !important;}\u00bb][vc_column width=\u00bb3\/4&#8243;][vc_column_text]<\/p>\n<h2 style=\"color: #ffffff;\">\u00bfNo est\u00e1 seguro cu\u00e1l impresora RISO es correcta para usted?<\/h2>\n<h3 style=\"color: #ffffff;\">Descargue nuestra tabla comparativa<\/h3>\n<p>[\/vc_column_text][\/vc_column][vc_column width=\u00bb1\/4&#8243;]<a  itemprop=\"url\" href=\"\/wp-content\/uploads\/2023\/03\/Current-IJ-Product-Comparison-Chart-10-2022-min.pdf\" target=\"_blank\" data-hover-background-color='#5b3292' data-hover-border-color='#5b3292' data-hover-color='#ffffff' class=\"qbutton  medium white default\" style=\"color: #5b3292; border-color: #ffffff; border-radius: 4px;-moz-border-radius: 4px;-webkit-border-radius: 4px; background-color: #ffffff;\">Ver Tabla<i class=\"qode_icon_font_awesome fa fa-caret-right qode_button_icon_element\" style=\"color: #5b3292;\" ><\/i><\/a>[\/vc_column][\/vc_row]<\/p>\n","protected":false},"excerpt":{"rendered":"<p>[vc_row css_animation=\u00bb\u00bb row_type=\u00bbrow\u00bb use_row_as_full_screen_section=\u00bbno\u00bb type=\u00bbfull_width\u00bb angled_section=\u00bbno\u00bb text_align=\u00bbleft\u00bb background_image_as_pattern=\u00bbwithout_pattern\u00bb background_image=\u00bb29879&#8243; side_padding=\u00bb8&#8243; padding_top=\u00bb60&#8243; padding_bottom=\u00bb60&#8243; z_index=\u00bb\u00bb][vc_column width=\u00bb1\/4&#8243;][vc_single_image image=\u00bb27922&#8243; img_size=\u00bbfull\u00bb qode_css_animation=\u00bb\u00bb][vc_empty_space height=\u00bb20px\u00bb][vc_column_text] Impresoras de Inyecci\u00f3n de Tinta [\/vc_column_text][\/vc_column][vc_column width=\u00bb1\/4&#8243;][\/vc_column][vc_column width=\u00bb1\/4&#8243;][\/vc_column][vc_column width=\u00bb1\/4&#8243;][vc_single_image image=\u00bb28192&#8243; img_size=\u00bbfull\u00bb style=\u00bbvc_box_rounded\u00bb qode_css_animation=\u00bb\u00bb][\/vc_column][\/vc_row][vc_row css_animation=\u00bb\u00bb row_type=\u00bbrow\u00bb use_row_as_full_screen_section=\u00bbno\u00bb type=\u00bbgrid\u00bb angled_section=\u00bbno\u00bb text_align=\u00bbleft\u00bb background_image_as_pattern=\u00bbwithout_pattern\u00bb padding_top=\u00bb75&#8243; padding_bottom=\u00bb80&#8243;][vc_column][vc_single_image image=\u00bb30686&#8243; img_size=\u00bblarge\u00bb alignment=\u00bbcenter\u00bb qode_css_animation=\u00bb\u00bb][vc_empty_space height=\u00bb60px\u00bb][vc_column_text]&#8230;<\/p>\n","protected":false},"author":1,"featured_media":28396,"parent":28429,"menu_order":1,"comment_status":"closed","ping_status":"closed","template":"full_width.php","meta":{"_uf_show_specific_survey":0,"_uf_disable_surveys":false,"footnotes":""},"class_list":["post-28492","page","type-page","status-publish","has-post-thumbnail","hentry"],"_links":{"self":[{"href":"https:\/\/www.risolatin.com\/es\/wp-json\/wp\/v2\/pages\/28492","targetHints":{"allow":["GET"]}}],"collection":[{"href":"https:\/\/www.risolatin.com\/es\/wp-json\/wp\/v2\/pages"}],"about":[{"href":"https:\/\/www.risolatin.com\/es\/wp-json\/wp\/v2\/types\/page"}],"author":[{"embeddable":true,"href":"https:\/\/www.risolatin.com\/es\/wp-json\/wp\/v2\/users\/1"}],"replies":[{"embeddable":true,"href":"https:\/\/www.risolatin.com\/es\/wp-json\/wp\/v2\/comments?post=28492"}],"version-history":[{"count":0,"href":"https:\/\/www.risolatin.com\/es\/wp-json\/wp\/v2\/pages\/28492\/revisions"}],"up":[{"embeddable":true,"href":"https:\/\/www.risolatin.com\/es\/wp-json\/wp\/v2\/pages\/28429"}],"wp:featuredmedia":[{"embeddable":true,"href":"https:\/\/www.risolatin.com\/es\/wp-json\/wp\/v2\/media\/28396"}],"wp:attachment":[{"href":"https:\/\/www.risolatin.com\/es\/wp-json\/wp\/v2\/media?parent=28492"}],"curies":[{"name":"wp","href":"https:\/\/api.w.org\/{rel}","templated":true}]}}