{"id":28576,"date":"2016-06-17T14:59:12","date_gmt":"2016-06-17T14:59:12","guid":{"rendered":"https:\/\/risolatin.wpengine.com\/acerca-de\/"},"modified":"2024-01-08T17:11:47","modified_gmt":"2024-01-08T17:11:47","slug":"acerca-de","status":"publish","type":"page","link":"https:\/\/www.risolatin.com\/es\/acerca-de\/","title":{"rendered":"Acerca de"},"content":{"rendered":"<p>[vc_row css_animation=\u00bb\u00bb row_type=\u00bbrow\u00bb use_row_as_full_screen_section=\u00bbno\u00bb type=\u00bbfull_width\u00bb angled_section=\u00bbno\u00bb text_align=\u00bbcenter\u00bb background_image_as_pattern=\u00bbwithout_pattern\u00bb padding_top=\u00bb165&#8243; padding_bottom=\u00bb20&#8243; z_index=\u00bb\u00bb background_image=\u00bb15172&#8243;][vc_column][vc_column_text]<\/p>\n<h1 style=\"text-align: center;\">Acerca de RISO<\/h1>\n<p>[\/vc_column_text][\/vc_column][\/vc_row][vc_row css_animation=\u00bb\u00bb row_type=\u00bbrow\u00bb use_row_as_full_screen_section=\u00bbno\u00bb type=\u00bbgrid\u00bb angled_section=\u00bbno\u00bb text_align=\u00bbleft\u00bb background_image_as_pattern=\u00bbwithout_pattern\u00bb css=\u00bb.vc_custom_1466714811009{margin-top: 80px !important;margin-bottom: 80px !important;}\u00bb][vc_column width=\u00bb1\/3&#8243;][vc_single_image image=\u00bb26826&#8243; img_size=\u00bbfull\u00bb qode_css_animation=\u00bbelement_from_left\u00bb transition_delay=\u00bb.3&#8243;][\/vc_column][vc_column width=\u00bb2\/3&#8243;][vc_column_text]<\/p>\n<h2>RISO significa \u00abIdeal\u00bb<\/h2>\n<h4>(Y lo decimos de verdad)<\/h4>\n<p>El fundador de RISO, Noboru Hayama, eligi\u00f3 este nombre para la compa\u00f1ia por una buena raz\u00f3n. En japon\u00e9s RISO, significa \u00abIdeal\u00bb.<\/p>\n<p>RISO se esfuerza por crear tecnolog\u00edas nuevas y fundamentalmente \u00fanicas en la comunicaci\u00f3n basada en papel a trav\u00e9s de un enfoque que enfatiza la productividad, la contenci\u00f3n de costos y la versatilidad. Cada producto que fabricamos brinda estos beneficios en un equilibrio que ofrece la soluci\u00f3n ideal para nuestros clientes.<\/p>\n<p>Al mismo tiempo, RISO contin\u00faa con una tradici\u00f3n de cuidar el mundo en general a trav\u00e9s de nuestros programas de apoyo ambiental y comunitario. Al igual que estamos comprometidos a ofrecer los productos y servicios ideales, nos esforzamos por ser un ciudadano corporativo ideal en todos los pa\u00edses en los que operamos.<\/p>\n<p><a href=\"https:\/\/www.youtube.com\/watch?v=RQw15-URcZo#action=share\">De click aqu\u00ed para ver un corto video con la historia de la compa\u00f1\u00eda.<\/a>[\/vc_column_text][\/vc_column][\/vc_row][vc_row css_animation=\u00bb\u00bb row_type=\u00bbrow\u00bb use_row_as_full_screen_section=\u00bbno\u00bb type=\u00bbgrid\u00bb angled_section=\u00bbno\u00bb text_align=\u00bbleft\u00bb background_image_as_pattern=\u00bbwithout_pattern\u00bb css=\u00bb.vc_custom_1466714822315{margin-top: 80px !important;margin-bottom: 80px !important;}\u00bb][vc_column width=\u00bb2\/3&#8243;][vc_column_text]<\/p>\n<h2>Seguimos siendo el l\u00edder mundial en tecnolog\u00eda de duplicaci\u00f3n digital<\/h2>\n<p>A tradi\u00e7\u00e3o de inova\u00e7\u00e3o da RISO, tanto em tecnologia como em servi\u00e7os, continua a alimentar a expans\u00e3o da nossa linha de produtos e da nossa base de clientes fi\u00e9is.<\/p>\n<p>Desde que RISO fue fundada en Tokyo en 1946, nuestra compa\u00f1\u00eda ha prosperado en creatividad. RISO ha desarrollado repetidamente las mejores soluciones del mundo en impresi\u00f3n y duplicaci\u00f3n de documentos para una variedad de sectores especializados. Todav\u00eda somos los l\u00edderes mundiales en la tecnolog\u00eda de duplicaci\u00f3n digital, y estamos construyendo r\u00e1pidamente una participaci\u00f3n en el mercado de soluciones de impresi\u00f3n de inyecci\u00f3n de tinta para los diferentes negocios. Los productos RISO se venden actualmente en 150 pa\u00edses.<\/p>\n<p>Encontrar\u00e1 nuestras soluciones en los entornos empresariales m\u00e1s exigentes de todo el mundo.<\/p>\n<p>Para obtener m\u00e1s informaci\u00f3n, consulte nuestro <a href=\"\/wp-content\/uploads\/2023\/10\/Corporate-Profile-2022.pdf\" target=\"_blank\" rel=\"noopener\">Perfil Corporativo<\/a>.[\/vc_column_text][\/vc_column][vc_column width=\u00bb1\/3&#8243;][vc_single_image image=\u00bb26828&#8243; img_size=\u00bbfull\u00bb qode_css_animation=\u00bbelement_from_right\u00bb transition_delay=\u00bb1&#8243;][\/vc_column][\/vc_row][vc_row css_animation=\u00bb\u00bb row_type=\u00bbrow\u00bb use_row_as_full_screen_section=\u00bbno\u00bb type=\u00bbfull_width\u00bb angled_section=\u00bbno\u00bb text_align=\u00bbleft\u00bb background_image_as_pattern=\u00bbwithout_pattern\u00bb css=\u00bb.vc_custom_1466712991479{margin-bottom: -20px !important;}\u00bb][vc_column][vc_separator type=\u00bbnormal\u00bb color=\u00bb#5b3292&#8243; thickness=\u00bb25&#8243; up=\u00bb80&#8243;][\/vc_column][\/vc_row][vc_row css_animation=\u00bb\u00bb row_type=\u00bbrow\u00bb use_row_as_full_screen_section=\u00bbno\u00bb type=\u00bbgrid\u00bb angled_section=\u00bbno\u00bb text_align=\u00bbleft\u00bb background_image_as_pattern=\u00bbwithout_pattern\u00bb background_color=\u00bb#eeeeee\u00bb padding_top=\u00bb50&#8243; padding_bottom=\u00bb50&#8243;][vc_column width=\u00bb1\/4&#8243;]<div class=\"q_icon_list\"><i class=\"qode_icon_font_awesome fa fa-spinner qode-ili-icon-holder transparent\" style=\"color: #5b3292;\" ><\/i><p style=\"color:#5b3292;font-size: 23px;\">Principios para el Progreso<\/p><\/div>[vc_column_text]Estamos comprometidos a actuar tomando responsabilidad y de acuerdo con el siguiente conjunto de principios operacionales. Hacemos esto con la creencia de que hacerlo es en beneficio de los intereses de nuestros clientes, nuestra compa\u00f1\u00eda y de nosotros mismos.[\/vc_column_text][\/vc_column][vc_column width=\u00bb1\/4&#8243;]<div class=\"q_icon_list\"><i class=\"qode_icon_font_awesome fa fa-smile-o qode-ili-icon-holder transparent\" style=\"color: #5b3292;\" ><\/i><p style=\"color:#5b3292;font-size: 23px;\">Satisfacci\u00f3n del Cliente<\/p><\/div>[vc_column_text]La satisfacci\u00f3n del cliente est\u00e1 en el coraz\u00f3n de nuestro \u00e9xito como empresa. Cada uno de nosotros ser\u00e1 embajador de RISO y nuestra comunicaci\u00f3n ser\u00e1 siempre positiva dentro y fuera de nuestro lugar de trabajo. Tomaremos responsabilidad de los asuntos de nuestros clientes y garantizaremos su seguimiento hasta obtener una conclusi\u00f3n satisfactoria.[\/vc_column_text][\/vc_column][vc_column width=\u00bb1\/4&#8243;]<div class=\"q_icon_list\"><i class=\"qode_icon_font_awesome fa fa-check-square-o qode-ili-icon-holder transparent\" style=\"color: #5b3292;\" ><\/i><p style=\"color:#5b3292;font-size: 23px;\">Responsabilidad<\/p><\/div>[vc_column_text]Cumpliremos con lo que nos comprometemos a hacer, en el tiempo en que nos comprometemos a hacerlo. Seremos responsables de apoyar y dar seguimiento a los objetivos de la compa\u00f1\u00eda, y aceptaremos la responsabilidad por nuestras acciones, sin lanzar culpas.[\/vc_column_text][\/vc_column][vc_column width=\u00bb1\/4&#8243;]<div class=\"q_icon_list\"><i class=\"qode_icon_font_awesome fa fa-hand-paper-o qode-ili-icon-holder transparent\" style=\"color: #5b3292;\" ><\/i><p style=\"color:#5b3292;font-size: 23px;\">Integridad<\/p><\/div>[vc_column_text]Actuaremos con honestidad y con el m\u00e1ximo grado de integridad con nuestros clientes y con nosotros mismos. Nuestras decisiones y acciones siempre reflejar\u00e1n pr\u00e1cticas \u00e9ticas y con los mejores intereses de la empresa y nuestros clientes.[\/vc_column_text][\/vc_column][\/vc_row][vc_row css_animation=\u00bb\u00bb row_type=\u00bbrow\u00bb use_row_as_full_screen_section=\u00bbno\u00bb type=\u00bbgrid\u00bb angled_section=\u00bbno\u00bb text_align=\u00bbleft\u00bb background_image_as_pattern=\u00bbwithout_pattern\u00bb background_color=\u00bb#eeeeee\u00bb padding_top=\u00bb50&#8243; padding_bottom=\u00bb50&#8243;][vc_column width=\u00bb1\/4&#8243;]<div class=\"q_icon_list\"><i class=\"qode_icon_font_awesome fa fa-expand qode-ili-icon-holder transparent\" style=\"color: #5b3292;\" ><\/i><p style=\"color:#5b3292;font-size: 23px;\">Respuesta Agil<\/p><\/div>[vc_column_text]Actuaremos con sentido de urgencia. Responderemos a las necesidades de nuestros clientes y colegas con rapidez y y cumpliremos nuestros compromisos. Nuestro estilo ser\u00e1 siempre el de escuchar con atenci\u00f3n mientras determinamos el mejor curso de acci\u00f3n.[\/vc_column_text][\/vc_column][vc_column width=\u00bb1\/4&#8243;]<div class=\"q_icon_list\"><i class=\"qode_icon_font_awesome fa fa-cog qode-ili-icon-holder transparent\" style=\"color: #5b3292;\" ><\/i><p style=\"color:#5b3292;font-size: 23px;\">Aceptar el Cambio<\/p><\/div>[vc_column_text]Estaremos dispuestos a aceptar el cambio y a identificar de manera proactiva y continua las oportunidades para mejorar. El mercado es la fuerza impulsora detr\u00e1s de las estrategias y objetivos de la compa\u00f1\u00eda.[\/vc_column_text][\/vc_column][vc_column width=\u00bb1\/4&#8243;]<div class=\"q_icon_list\"><i class=\"qode_icon_font_awesome fa fa-product-hunt qode-ili-icon-holder transparent\" style=\"color: #5b3292;\" ><\/i><p style=\"color:#5b3292;font-size: 23px;\">Valor Mediante de las Ventas<\/p><\/div>[vc_column_text]Nuestro \u00e9xito se logra por medio de la venta de nuestros productos. Todas nuestras acciones y pr\u00e1cticas colectivas est\u00e1n destinadas a aportar valor a nuestros clientes a trav\u00e9s de la adecuaci\u00f3n apropiada de nuestros productos y servicios con las necesidades del cliente para mejorar la productividad, versatilidad y control de costos.[\/vc_column_text][\/vc_column][vc_column width=\u00bb1\/4&#8243;][\/vc_column][\/vc_row]<\/p>\n","protected":false},"excerpt":{"rendered":"<p>[vc_row css_animation=\u00bb\u00bb row_type=\u00bbrow\u00bb use_row_as_full_screen_section=\u00bbno\u00bb type=\u00bbfull_width\u00bb angled_section=\u00bbno\u00bb text_align=\u00bbcenter\u00bb background_image_as_pattern=\u00bbwithout_pattern\u00bb padding_top=\u00bb165&#8243; padding_bottom=\u00bb20&#8243; z_index=\u00bb\u00bb background_image=\u00bb15172&#8243;][vc_column][vc_column_text] Acerca de RISO [\/vc_column_text][\/vc_column][\/vc_row][vc_row css_animation=\u00bb\u00bb row_type=\u00bbrow\u00bb use_row_as_full_screen_section=\u00bbno\u00bb type=\u00bbgrid\u00bb angled_section=\u00bbno\u00bb text_align=\u00bbleft\u00bb background_image_as_pattern=\u00bbwithout_pattern\u00bb css=\u00bb.vc_custom_1466714811009{margin-top: 80px !important;margin-bottom: 80px !important;}\u00bb][vc_column width=\u00bb1\/3&#8243;][vc_single_image image=\u00bb26826&#8243; img_size=\u00bbfull\u00bb qode_css_animation=\u00bbelement_from_left\u00bb transition_delay=\u00bb.3&#8243;][\/vc_column][vc_column width=\u00bb2\/3&#8243;][vc_column_text] RISO significa \u00abIdeal\u00bb (Y lo decimos de verdad) El fundador de&#8230;<\/p>\n","protected":false},"author":1,"featured_media":0,"parent":0,"menu_order":2,"comment_status":"closed","ping_status":"closed","template":"full_width.php","meta":{"_uf_show_specific_survey":0,"_uf_disable_surveys":false,"footnotes":""},"class_list":["post-28576","page","type-page","status-publish","hentry"],"_links":{"self":[{"href":"https:\/\/www.risolatin.com\/es\/wp-json\/wp\/v2\/pages\/28576","targetHints":{"allow":["GET"]}}],"collection":[{"href":"https:\/\/www.risolatin.com\/es\/wp-json\/wp\/v2\/pages"}],"about":[{"href":"https:\/\/www.risolatin.com\/es\/wp-json\/wp\/v2\/types\/page"}],"author":[{"embeddable":true,"href":"https:\/\/www.risolatin.com\/es\/wp-json\/wp\/v2\/users\/1"}],"replies":[{"embeddable":true,"href":"https:\/\/www.risolatin.com\/es\/wp-json\/wp\/v2\/comments?post=28576"}],"version-history":[{"count":0,"href":"https:\/\/www.risolatin.com\/es\/wp-json\/wp\/v2\/pages\/28576\/revisions"}],"wp:attachment":[{"href":"https:\/\/www.risolatin.com\/es\/wp-json\/wp\/v2\/media?parent=28576"}],"curies":[{"name":"wp","href":"https:\/\/api.w.org\/{rel}","templated":true}]}}