{"id":28601,"date":"2016-06-17T15:09:14","date_gmt":"2016-06-17T15:09:14","guid":{"rendered":"https:\/\/risolatin.wpengine.com\/contact\/atencion-a-clientes\/"},"modified":"2024-05-03T15:22:45","modified_gmt":"2024-05-03T15:22:45","slug":"atencion-a-clientes","status":"publish","type":"page","link":"https:\/\/www.risolatin.com\/es\/contact\/atencion-a-clientes\/","title":{"rendered":"Atenci\u00f3n a Clientes"},"content":{"rendered":"<p>[vc_row css_animation=\u00bb\u00bb row_type=\u00bbrow\u00bb use_row_as_full_screen_section=\u00bbno\u00bb type=\u00bbfull_width\u00bb angled_section=\u00bbno\u00bb text_align=\u00bbleft\u00bb background_image_as_pattern=\u00bbwithout_pattern\u00bb][vc_column]<div class='google_map_shortcode_holder' style='height:600px;'><div class='qode_google_map' style='height:600px;' id='map_canvas_5185' data-addresses='[\"13680 NW 5th St #100, Sunrise, FL 33325\"]' data-custom-map-style='false' data-color-overlay='#393939' data-saturation='-100' data-lightness='-60' data-zoom='10' data-pin='https:\/\/www.risolatin.com\/wp-content\/uploads\/2016\/06\/pin.png' data-unique-id='5185' data-google-maps-scroll-wheel='false' data-snazzy-map-style='no' data-map-height='600'><\/div><div class='google_map_shortcode_overlay'><\/div><\/div>[\/vc_column][\/vc_row][vc_row css_animation=\u00bb\u00bb row_type=\u00bbrow\u00bb use_row_as_full_screen_section=\u00bbno\u00bb type=\u00bbgrid\u00bb angled_section=\u00bbno\u00bb text_align=\u00bbleft\u00bb background_image_as_pattern=\u00bbwithout_pattern\u00bb css=\u00bb.vc_custom_1467053247345{margin-top: 50px !important;}\u00bb][vc_column width=\u00bb1\/2&#8243;][vc_column_text]<\/p>\n<h1>Cont\u00e1ctenos<\/h1>\n<p><strong>RISO LATIN AMERICA, INC.<\/strong><br \/>\n13680 NW 5th Street<br \/>\nSuite 100<br \/>\nSunrise, FL 33325<br \/>\nUnited States<\/p>\n<p>Tel\u00e9fono: 954-499-7476[\/vc_column_text][vc_separator type=\u00bbnormal\u00bb color=\u00bb#dbdbdb\u00bb thickness=\u00bb1&#8243; up=\u00bb20&#8243; down=\u00bb20&#8243;][vc_column_text]Por favor, comp\u00e1rtanos su experiencia como cliente RISO o cont\u00e1ctenos llenando los siguientes datos.[\/vc_column_text]\n<div class=\"wpcf7 no-js\" id=\"wpcf7-f28602-o1\" lang=\"es-ES\" dir=\"ltr\" data-wpcf7-id=\"28602\">\n<div class=\"screen-reader-response\"><p role=\"status\" aria-live=\"polite\" aria-atomic=\"true\"><\/p> <ul><\/ul><\/div>\n<form action=\"\/es\/wp-json\/wp\/v2\/pages\/28601#wpcf7-f28602-o1\" method=\"post\" class=\"wpcf7-form init cf7_custom_style_1\" aria-label=\"Formulario de contacto\" novalidate=\"novalidate\" data-status=\"init\">\n<fieldset class=\"hidden-fields-container\"><input type=\"hidden\" name=\"_wpcf7\" value=\"28602\" \/><input type=\"hidden\" name=\"_wpcf7_version\" value=\"6.1.4\" \/><input type=\"hidden\" name=\"_wpcf7_locale\" value=\"es_ES\" \/><input type=\"hidden\" name=\"_wpcf7_unit_tag\" value=\"wpcf7-f28602-o1\" \/><input type=\"hidden\" name=\"_wpcf7_container_post\" value=\"0\" \/><input type=\"hidden\" name=\"_wpcf7_posted_data_hash\" value=\"\" \/><input type=\"hidden\" name=\"_wpcf7_recaptcha_response\" value=\"\" \/>\n<\/fieldset>\n<p><span class=\"wpcf7-form-control-wrap\" data-name=\"companyname\"><input size=\"40\" maxlength=\"400\" class=\"wpcf7-form-control wpcf7-text wpcf7-validates-as-required\" aria-required=\"true\" aria-invalid=\"false\" placeholder=\"Nombre de Compa\u00f1\u00eda*\" value=\"\" type=\"text\" name=\"companyname\" \/><\/span>\n<\/p>\n<p><span class=\"wpcf7-form-control-wrap\" data-name=\"firstname\"><input size=\"40\" maxlength=\"400\" class=\"wpcf7-form-control wpcf7-text wpcf7-validates-as-required\" aria-required=\"true\" aria-invalid=\"false\" placeholder=\"Nombre*\" value=\"\" type=\"text\" name=\"firstname\" \/><\/span>\n<\/p>\n<p><span class=\"wpcf7-form-control-wrap\" data-name=\"lastname\"><input size=\"40\" maxlength=\"400\" class=\"wpcf7-form-control wpcf7-text wpcf7-validates-as-required\" aria-required=\"true\" aria-invalid=\"false\" placeholder=\"Apellido*\" value=\"\" type=\"text\" name=\"lastname\" \/><\/span>\n<\/p>\n<p><span class=\"wpcf7-form-control-wrap\" data-name=\"address\"><input size=\"40\" maxlength=\"400\" class=\"wpcf7-form-control wpcf7-text\" aria-invalid=\"false\" placeholder=\"Direcci\u00f3n\" value=\"\" type=\"text\" name=\"address\" \/><\/span>\n<\/p>\n<p><span class=\"wpcf7-form-control-wrap\" data-name=\"city\"><input size=\"40\" maxlength=\"400\" class=\"wpcf7-form-control wpcf7-text wpcf7-validates-as-required\" aria-required=\"true\" aria-invalid=\"false\" placeholder=\"Ciudad*\" value=\"\" type=\"text\" name=\"city\" \/><\/span>\n<\/p>\n<p><span class=\"wpcf7-form-control-wrap\" data-name=\"state\"><input size=\"40\" maxlength=\"400\" class=\"wpcf7-form-control wpcf7-text wpcf7-validates-as-required\" aria-required=\"true\" aria-invalid=\"false\" placeholder=\"Estado*\" value=\"\" type=\"text\" name=\"state\" \/><\/span><span class=\"wpcf7-form-control-wrap\" data-name=\"zip\"><input size=\"40\" maxlength=\"400\" class=\"wpcf7-form-control wpcf7-text\" aria-invalid=\"false\" placeholder=\"CP\" value=\"\" type=\"text\" name=\"zip\" \/><\/span>\n<\/p>\n<p><span class=\"wpcf7-form-control-wrap\" data-name=\"country\"><input size=\"40\" maxlength=\"400\" class=\"wpcf7-form-control wpcf7-text wpcf7-validates-as-required\" aria-required=\"true\" aria-invalid=\"false\" placeholder=\"Pa\u00eds*\" value=\"\" type=\"text\" name=\"country\" \/><\/span>\n<\/p>\n<p><span class=\"wpcf7-form-control-wrap\" data-name=\"phone\"><input size=\"40\" maxlength=\"400\" class=\"wpcf7-form-control wpcf7-text wpcf7-validates-as-required\" aria-required=\"true\" aria-invalid=\"false\" placeholder=\"Tel\u00e9fono*\" value=\"\" type=\"text\" name=\"phone\" \/><\/span>\n<\/p>\n<p><span class=\"wpcf7-form-control-wrap\" data-name=\"email708\"><input size=\"40\" maxlength=\"400\" class=\"wpcf7-form-control wpcf7-email wpcf7-validates-as-required wpcf7-text wpcf7-validates-as-email\" aria-required=\"true\" aria-invalid=\"false\" placeholder=\"Correo electr\u00f3nico*\" value=\"\" type=\"email\" name=\"email708\" \/><\/span>\n<\/p>\n<p><span class=\"wpcf7-form-control-wrap\" data-name=\"describe\"><textarea cols=\"40\" rows=\"10\" maxlength=\"2000\" class=\"wpcf7-form-control wpcf7-textarea\" aria-invalid=\"false\" placeholder=\"Describa por favor su problema, situaci\u00f3n o comentario.\" name=\"describe\"><\/textarea><\/span>\n<\/p>\n<p><b>\u00bfC\u00f3mo se enter\u00f3 de nosotros?<\/b><span class=\"wpcf7-form-control-wrap\" data-name=\"radio-how-did-you-find-us\"><span class=\"wpcf7-form-control wpcf7-radio\"><span class=\"wpcf7-list-item first\"><label><input type=\"radio\" name=\"radio-how-did-you-find-us\" value=\"Facebook\" checked=\"checked\" \/><span class=\"wpcf7-list-item-label\">Facebook<\/span><\/label><\/span><span class=\"wpcf7-list-item\"><label><input type=\"radio\" name=\"radio-how-did-you-find-us\" value=\"Instagram\" \/><span class=\"wpcf7-list-item-label\">Instagram<\/span><\/label><\/span><span class=\"wpcf7-list-item\"><label><input type=\"radio\" name=\"radio-how-did-you-find-us\" value=\"LinkedIn\" \/><span class=\"wpcf7-list-item-label\">LinkedIn<\/span><\/label><\/span><span class=\"wpcf7-list-item\"><label><input type=\"radio\" name=\"radio-how-did-you-find-us\" value=\"Google Ads\" \/><span class=\"wpcf7-list-item-label\">Google Ads<\/span><\/label><\/span><span class=\"wpcf7-list-item last\"><label><input type=\"radio\" name=\"radio-how-did-you-find-us\" value=\"Otro\" \/><span class=\"wpcf7-list-item-label\">Otro<\/span><\/label><\/span><\/span><\/span>\n<\/p>\n<p><strong>Consentimiento de contacto:<\/strong><br \/>\nAl completar este formulario y crear una acci\u00f3n directa, doy mi consentimiento a RISO para que se ponga en contacto conmigo con respecto al problema, la situaci\u00f3n o la excepci\u00f3n descrita anteriormente.<br \/>\nEste contacto puede incluir consultas comunicadas electr\u00f3nicamente, informaci\u00f3n sobre productos, archivos de actualizaci\u00f3n de productos u otras comunicaciones. Entiendo que puedo retirar mi consentimiento en cualquier momento.\n<\/p>\n<p><input class=\"wpcf7-form-control wpcf7-submit has-spinner\" type=\"submit\" value=\"ENVIAR\" \/>\n<\/p><div class=\"wpcf7-response-output\" aria-hidden=\"true\"><\/div>\n<\/form>\n<\/div>\n[\/vc_column][\/vc_row]<\/p>\n","protected":false},"excerpt":{"rendered":"<p>[vc_row css_animation=\u00bb\u00bb row_type=\u00bbrow\u00bb use_row_as_full_screen_section=\u00bbno\u00bb type=\u00bbfull_width\u00bb angled_section=\u00bbno\u00bb text_align=\u00bbleft\u00bb background_image_as_pattern=\u00bbwithout_pattern\u00bb][vc_column][\/vc_column][\/vc_row][vc_row css_animation=\u00bb\u00bb row_type=\u00bbrow\u00bb use_row_as_full_screen_section=\u00bbno\u00bb type=\u00bbgrid\u00bb angled_section=\u00bbno\u00bb text_align=\u00bbleft\u00bb background_image_as_pattern=\u00bbwithout_pattern\u00bb css=\u00bb.vc_custom_1467053247345{margin-top: 50px !important;}\u00bb][vc_column width=\u00bb1\/2&#8243;][vc_column_text] Cont\u00e1ctenos RISO LATIN AMERICA, INC. 13680 NW 5th Street Suite 100 Sunrise, FL 33325 United States Tel\u00e9fono: 954-499-7476[\/vc_column_text][vc_separator type=\u00bbnormal\u00bb color=\u00bb#dbdbdb\u00bb thickness=\u00bb1&#8243; up=\u00bb20&#8243; down=\u00bb20&#8243;][vc_column_text]Por favor, comp\u00e1rtanos su&#8230;<\/p>\n","protected":false},"author":1,"featured_media":0,"parent":28598,"menu_order":1,"comment_status":"closed","ping_status":"closed","template":"full_width.php","meta":{"_uf_show_specific_survey":0,"_uf_disable_surveys":false,"footnotes":""},"class_list":["post-28601","page","type-page","status-publish","hentry"],"_links":{"self":[{"href":"https:\/\/www.risolatin.com\/es\/wp-json\/wp\/v2\/pages\/28601","targetHints":{"allow":["GET"]}}],"collection":[{"href":"https:\/\/www.risolatin.com\/es\/wp-json\/wp\/v2\/pages"}],"about":[{"href":"https:\/\/www.risolatin.com\/es\/wp-json\/wp\/v2\/types\/page"}],"author":[{"embeddable":true,"href":"https:\/\/www.risolatin.com\/es\/wp-json\/wp\/v2\/users\/1"}],"replies":[{"embeddable":true,"href":"https:\/\/www.risolatin.com\/es\/wp-json\/wp\/v2\/comments?post=28601"}],"version-history":[{"count":0,"href":"https:\/\/www.risolatin.com\/es\/wp-json\/wp\/v2\/pages\/28601\/revisions"}],"up":[{"embeddable":true,"href":"https:\/\/www.risolatin.com\/es\/wp-json\/wp\/v2\/pages\/28598"}],"wp:attachment":[{"href":"https:\/\/www.risolatin.com\/es\/wp-json\/wp\/v2\/media?parent=28601"}],"curies":[{"name":"wp","href":"https:\/\/api.w.org\/{rel}","templated":true}]}}