{"id":28877,"date":"2016-06-17T15:23:05","date_gmt":"2016-06-17T15:23:05","guid":{"rendered":"https:\/\/risolatin.wpengine.com\/manuales-de-usuario\/"},"modified":"2023-10-31T22:06:56","modified_gmt":"2023-10-31T22:06:56","slug":"manuales-de-usuario","status":"publish","type":"page","link":"https:\/\/www.risolatin.com\/es\/manuales-de-usuario\/","title":{"rendered":"Manuales de Usuario"},"content":{"rendered":"<p>[vc_row css_animation=\u00bb\u00bb row_type=\u00bbrow\u00bb use_row_as_full_screen_section=\u00bbno\u00bb type=\u00bbgrid\u00bb angled_section=\u00bbno\u00bb text_align=\u00bbleft\u00bb background_image_as_pattern=\u00bbwithout_pattern\u00bb background_image=\u00bb15629&#8243; padding_top=\u00bb165&#8243; padding_bottom=\u00bb25&#8243;][vc_column][vc_empty_space][vc_column_text]<\/p>\n<h3 style=\"color: #ffffff; text-align: center;\">MANUALES DE USUARIO<\/h3>\n<p>[\/vc_column_text][\/vc_column][\/vc_row][vc_row css_animation=\u00bb\u00bb row_type=\u00bbrow\u00bb use_row_as_full_screen_section=\u00bbno\u00bb type=\u00bbgrid\u00bb angled_section=\u00bbno\u00bb text_align=\u00bbleft\u00bb background_image_as_pattern=\u00bbwithout_pattern\u00bb][vc_column][vc_column_text css=\u00bb.vc_custom_1467395685710{padding-top: 40px !important;padding-bottom: 40px !important;}\u00bb]<\/p>\n<h2>Manuales de Usuario<\/h2>\n<p>Haga clic en los enlaces para ver previamente o descargar los manuales en PDF.[\/vc_column_text][vc_separator type=\u00bbnormal\u00bb color=\u00bb#d0d0d0&#8243;][\/vc_column][\/vc_row][vc_row css_animation=\u00bb\u00bb row_type=\u00bbrow\u00bb use_row_as_full_screen_section=\u00bbno\u00bb type=\u00bbgrid\u00bb angled_section=\u00bbno\u00bb text_align=\u00bbleft\u00bb background_image_as_pattern=\u00bbwithout_pattern\u00bb padding_top=\u00bb75&#8243; padding_bottom=\u00bb20&#8243;][vc_column width=\u00bb1\/2&#8243;][vc_column_text css=\u00bb.vc_custom_1698788955057{padding-bottom: 30px !important;}\u00bb]<\/p>\n<h2>VALEZUS T1200:<\/h2>\n<p><a href=\"\/wp-content\/uploads\/2023\/10\/T2100_UsersGuide_Sp.pdf\"><span class=\"ocms_link_pdf\">Manual de Usuario VALEZUS T1200<\/span><\/a><\/p>\n<p>Describe las aplicaciones sugeridas y las operaciones b\u00e1sicas de todos los <span class=\"ocms_link_pdf\">dispositivos<\/span> VALEZUS T1200.<\/p>\n<p><a href=\"\/wp-content\/uploads\/2023\/10\/T1200_AdministratorsGuide_Sp.pdf\">Gu\u00eda del Administrador VALEZUS T1200<\/a><\/p>\n<p>Esta gu\u00eda describe la configuraci\u00f3n y las opciones de la m\u00e1quina (lector de tarjetas TI, esc\u00e1ner, etc.) que debe realizar el administrador.<\/p>\n<p><a href=\"\/wp-content\/uploads\/2023\/10\/T1200_TroubleshootingGuide_Sp.pdf\">Gu\u00eda de Soluci\u00f3n de Problemas VALEZUS T1200<\/a><\/p>\n<p>Esta gu\u00eda describe las acciones a tomar cuando ocasionalmente ocurra un atasco de papel u otros asuntos t\u00e9cnicos con la T1200.[\/vc_column_text][vc_column_text css=\u00bb.vc_custom_1698789117575{padding-bottom: 30px !important;}\u00bb]<\/p>\n<h2>Serie ComColor GL<\/h2>\n<p><a href=\"\/wp-content\/uploads\/2023\/10\/GL_UsersGuide_Sp.pdf\"><span class=\"ocms_link_pdf\">Manual de Usuario de la Serie ComColor GL<\/span><\/a><\/p>\n<p>Describe las aplicaciones sugeridas y las operaciones b\u00e1sicas de todos los <span class=\"ocms_link_pdf\">dispositivos ComColor GL.<\/span><\/p>\n<p><a href=\"\/wp-content\/uploads\/2023\/10\/GL_QuickGuide_Sp.pdf\"><span class=\"ocms_link_pdf\">Gu\u00eda R\u00e1pida<\/span> de la <span class=\"ocms_link_pdf\">Serie ComColor GL<\/span><\/a><\/p>\n<p>Una gu\u00eda abreviada para aplicaciones y operaciones b\u00e1sicas de todos los <span class=\"ocms_link_pdf\">dispositivos ComColor GL<\/span>.<\/p>\n<p><a href=\"\/wp-content\/uploads\/2023\/10\/GL_AdministratorsGuide_Sp.pdf\">Gu\u00eda del Administrador de la Serie ComColor GL<\/a><\/p>\n<p>Esta gu\u00eda describe la configuraci\u00f3n y las opciones de la m\u00e1quina (lector de tarjetas TI, esc\u00e1ner, etc.) que debe realizar el administrador.<\/p>\n<p><a href=\"\/wp-content\/uploads\/2023\/10\/GL_TroubleshootingGuide_Sp.pdf\">Gu\u00eda de Soluci\u00f3n de Problemas de la Serie ComColor GL<\/a><\/p>\n<p>Esta gu\u00eda describe las acciones a tomar cuando ocasionalmente ocurra un atasco de papel u otros asuntos t\u00e9cnicos con la Serie ComColor GL.<\/p>\n<p><a href=\"\/wp-content\/uploads\/2023\/10\/Chromebook_PrintingGuide_Sp.pdf\">Gu\u00eda de Impresi\u00f3n para Chromebook<\/a><\/p>\n<p>Esta gu\u00eda describe los pasos a seguir al imprimir utilizando Chromebook en dispositivos GL o FT.[\/vc_column_text][vc_column_text css=\u00bb.vc_custom_1698789180721{padding-bottom: 30px !important;}\u00bb]<\/p>\n<h2>Serie ComColor FT:<\/h2>\n<p><a href=\"\/wp-content\/uploads\/2023\/10\/FT_UsersGuide_Sp.pdf\"><span class=\"ocms_link_pdf\">Manual de Usuario<\/span> de la <span class=\"ocms_link_pdf\">Serie ComColor FT<\/span><\/a><\/p>\n<p>Describe las aplicaciones sugeridas y las operaciones b\u00e1sicas de todos los <span class=\"ocms_link_pdf\">dispositivos ComColor FT<\/span>.<\/p>\n<p><a href=\"\/wp-content\/uploads\/2023\/10\/FT_QuickGuide_Sp.pdf\"><span class=\"ocms_link_pdf\">Gu\u00eda R\u00e1pida<\/span> de la <span class=\"ocms_link_pdf\">Serie ComColor FT<\/span><\/a><\/p>\n<p>Una gu\u00eda abreviada para aplicaciones y operaciones b\u00e1sicas de todos los <span class=\"ocms_link_pdf\">dispositivos ComColor FT<\/span>.<\/p>\n<p><a href=\"\/wp-content\/uploads\/2023\/10\/FT_AdministratorsGuide_Sp.pdf\">Gu\u00eda del Administrador de la Serie ComColor FT<\/a><\/p>\n<p>Esta gu\u00eda describe la configuraci\u00f3n y las opciones de la m\u00e1quina (lector de tarjetas TI, esc\u00e1ner, etc.) que debe realizar el administrador.<\/p>\n<p><a href=\"\/wp-content\/uploads\/2023\/10\/FT_TroubleshootingGuide_Sp.pdf\">Gu\u00eda de Soluci\u00f3n de Problemas de la Serie ComColor FT <\/a><\/p>\n<p>Esta gu\u00eda describe las acciones a tomar cuando ocasionalmente ocurra un atasco de papel u otros asuntos t\u00e9cnicos con la Serie ComColor FT.<\/p>\n<p><a href=\"\/wp-content\/uploads\/2023\/10\/Chromebook_PrintingGuide_Sp.pdf\">Gu\u00eda de Impresi\u00f3n para Chromebook<\/a><\/p>\n<p>Esta gu\u00eda describe los pasos a seguir al imprimir utilizando Chromebook en dispositivos GL o FT.[\/vc_column_text][vc_column_text css=\u00bb.vc_custom_1698786693775{padding-bottom: 30px !important;}\u00bb]<\/p>\n<h2>Accesorios ComColor:<\/h2>\n<p>[\/vc_column_text][vc_column_text css=\u00bb.vc_custom_1698789338137{padding-bottom: 30px !important;}\u00bb]<\/p>\n<h3>Controlador FS2100C<\/h3>\n<p>Los documentos de Gu\u00eda del Usuario han sido preparados y traducidos por Electronics For Imaging, Inc. (\u201cEFI\u201d). Comun\u00edquese con su gerente RISO si necesita gu\u00edas para las funciones opcionales.<\/p>\n<p><a href=\"\/wp-content\/uploads\/2023\/10\/FS-Configuration_Sp.pdf\">Gu\u00eda de Configuraci\u00f3n FS<\/a><\/p>\n<p><a href=\"\/wp-content\/uploads\/2023\/10\/FS-Printing_Sp.pdf\">Gu\u00eda de Impresi\u00f3n FS<\/a><\/p>\n<p><a href=\"\/wp-content\/uploads\/2023\/10\/FS-ColorPrinting_Sp.pdf\">Gu\u00eda de Impresi\u00f3n en Color FS<\/a>[\/vc_column_text][vc_column_text css=\u00bb.vc_custom_1698789355452{padding-bottom: 30px !important;}\u00bb]<\/p>\n<h3>Controlador RS1200C<\/h3>\n<p>Una gu\u00eda para el funcionamiento del RIP RS1200C.<\/p>\n<p><a href=\"\/wp-content\/uploads\/2023\/10\/RS1100CRS1200C_UsersGuide_Sp.pdf\">Manual del Usuario RS1200C<\/a>[\/vc_column_text][\/vc_column][vc_column width=\u00bb1\/2&#8243;][vc_column_text css=\u00bb.vc_custom_1698789418086{padding-bottom: 30px !important;}\u00bb]<\/p>\n<h2>Serie MH:<\/h2>\n<p><a href=\"\/wp-content\/uploads\/2023\/10\/UsersGuide_RISO-MH_Sp.pdf\">Manual de Usuario de la Serie MH<\/a><\/p>\n<p><a href=\"\/wp-content\/uploads\/2023\/10\/UsersGuide_RISO-Editor_Sp.pdf\">Gu\u00eda para el Editor RISO de la MH<\/a><\/p>\n<p><a href=\"\/wp-content\/uploads\/2023\/10\/UsersGuide_PrinterDriver_Sp.pdf\">Gu\u00eda para el Controlador de Impresi\u00f3n de la MH<\/a>[\/vc_column_text][vc_column_text css=\u00bb.vc_custom_1698789589303{padding-bottom: 30px !important;}\u00bb]<\/p>\n<h2>Serie SF:<\/h2>\n<p><a href=\"\/wp-content\/uploads\/2023\/10\/SF9x90-User-Guide_Sp.pdf\">Manual de Usuario de la SF9x90<\/a><\/p>\n<p><a href=\"\/wp-content\/uploads\/2023\/10\/SF9-Editor-User-Guide_Sp.pdf\">Gu\u00eda para el Editor RISO de la SF<\/a>[\/vc_column_text][vc_column_text css=\u00bb.vc_custom_1698789779492{padding-bottom: 30px !important;}\u00bb]<\/p>\n<h2>Serie SFEII:<\/h2>\n<p><a href=\"\/wp-content\/uploads\/2023\/10\/SF9x50EII-Users-Guide_Sp.pdf\">Manual de Usuario de la SF9x50EII<\/a><\/p>\n<p><a href=\"\/wp-content\/uploads\/2023\/10\/SF5x50EII-SF5x30EII-Users-Guide_Sp.pdf\">Manual de Usuario de las Series SF5x50EII \/ SF5x30EII<\/a>[\/vc_column_text][vc_column_text css=\u00bb.vc_custom_1698789906572{padding-bottom: 30px !important;}\u00bb]<\/p>\n<h2>Serie CV:<\/h2>\n<p><a href=\"\/wp-content\/uploads\/2023\/10\/CV3230-User-Guide_Sp.pdf\">Manual de Usuario de la CV3x30<\/a><\/p>\n<p><a href=\"\/wp-content\/uploads\/2023\/10\/CV1200-User-Guide_Sp.pdf\">Manual de Usuario de la CV1200<\/a>[\/vc_column_text][vc_column_text css=\u00bb.vc_custom_1698786607694{padding-bottom: 30px !important;}\u00bb]<\/p>\n<h2>Accesorios Duplicadoras Digitales:<\/h2>\n<p>[\/vc_column_text][vc_column_text css=\u00bb.vc_custom_1698790009937{padding-bottom: 30px !important;}\u00bb]<\/p>\n<h3>Controlador IS300<\/h3>\n<p><a href=\"\/wp-content\/uploads\/2023\/10\/IS300-Setup-Guide_Sp.pdf\">Gu\u00eda de Configuraci\u00f3n IS300<\/a><\/p>\n<p><a href=\"\/wp-content\/uploads\/2023\/10\/IS300-Utility-Guide_Sp.pdf\">Gu\u00eda de Utilidades IS300<\/a><\/p>\n<p><a href=\"\/wp-content\/uploads\/2023\/10\/IS300-Printer-Driver-Guide_Sp.pdf\">Gu\u00eda del Controlador de Impresi\u00f3n IS300<\/a>[\/vc_column_text][\/vc_column][\/vc_row][vc_row css_animation=\u00bb\u00bb row_type=\u00bbrow\u00bb use_row_as_full_screen_section=\u00bbno\u00bb type=\u00bbfull_width\u00bb angled_section=\u00bbno\u00bb text_align=\u00bbleft\u00bb background_image_as_pattern=\u00bbwithout_pattern\u00bb css=\u00bb.vc_custom_1467299523487{margin-bottom: -20px !important;}\u00bb][vc_column][vc_separator type=\u00bbnormal\u00bb color=\u00bb#75bf35&#8243; thickness=\u00bb25&#8243; up=\u00bb80&#8243;][\/vc_column][\/vc_row]<\/p>\n","protected":false},"excerpt":{"rendered":"<p>[vc_row css_animation=\u00bb\u00bb row_type=\u00bbrow\u00bb use_row_as_full_screen_section=\u00bbno\u00bb type=\u00bbgrid\u00bb angled_section=\u00bbno\u00bb text_align=\u00bbleft\u00bb background_image_as_pattern=\u00bbwithout_pattern\u00bb background_image=\u00bb15629&#8243; padding_top=\u00bb165&#8243; padding_bottom=\u00bb25&#8243;][vc_column][vc_empty_space][vc_column_text] MANUALES DE USUARIO [\/vc_column_text][\/vc_column][\/vc_row][vc_row css_animation=\u00bb\u00bb row_type=\u00bbrow\u00bb use_row_as_full_screen_section=\u00bbno\u00bb type=\u00bbgrid\u00bb angled_section=\u00bbno\u00bb text_align=\u00bbleft\u00bb background_image_as_pattern=\u00bbwithout_pattern\u00bb][vc_column][vc_column_text css=\u00bb.vc_custom_1467395685710{padding-top: 40px !important;padding-bottom: 40px !important;}\u00bb] Manuales de Usuario Haga clic en los enlaces para ver previamente o descargar los manuales en PDF.[\/vc_column_text][vc_separator type=\u00bbnormal\u00bb&#8230;<\/p>\n","protected":false},"author":1,"featured_media":0,"parent":0,"menu_order":4,"comment_status":"closed","ping_status":"closed","template":"full_width.php","meta":{"_uf_show_specific_survey":0,"_uf_disable_surveys":false,"footnotes":""},"class_list":["post-28877","page","type-page","status-publish","hentry"],"_links":{"self":[{"href":"https:\/\/www.risolatin.com\/es\/wp-json\/wp\/v2\/pages\/28877","targetHints":{"allow":["GET"]}}],"collection":[{"href":"https:\/\/www.risolatin.com\/es\/wp-json\/wp\/v2\/pages"}],"about":[{"href":"https:\/\/www.risolatin.com\/es\/wp-json\/wp\/v2\/types\/page"}],"author":[{"embeddable":true,"href":"https:\/\/www.risolatin.com\/es\/wp-json\/wp\/v2\/users\/1"}],"replies":[{"embeddable":true,"href":"https:\/\/www.risolatin.com\/es\/wp-json\/wp\/v2\/comments?post=28877"}],"version-history":[{"count":0,"href":"https:\/\/www.risolatin.com\/es\/wp-json\/wp\/v2\/pages\/28877\/revisions"}],"wp:attachment":[{"href":"https:\/\/www.risolatin.com\/es\/wp-json\/wp\/v2\/media?parent=28877"}],"curies":[{"name":"wp","href":"https:\/\/api.w.org\/{rel}","templated":true}]}}