{"id":28811,"date":"2022-07-29T13:06:00","date_gmt":"2022-07-29T13:06:00","guid":{"rendered":"https:\/\/risolatin.wpengine.com\/produtos\/impressoras-jato-de-tinta-comcolor\/serie-gl\/"},"modified":"2024-05-17T22:36:01","modified_gmt":"2024-05-17T22:36:01","slug":"impressora-jato-de-tinta-gl","status":"publish","type":"page","link":"https:\/\/www.risolatin.com\/pt-br\/produtos-rio\/impressoras-jato-de-tinta-comcolor\/impressora-jato-de-tinta-gl\/","title":{"rendered":"S\u00e9rie GL"},"content":{"rendered":"<p>[vc_row css_animation=&#8221;&#8221; row_type=&#8221;row&#8221; use_row_as_full_screen_section=&#8221;no&#8221; type=&#8221;full_width&#8221; angled_section=&#8221;no&#8221; text_align=&#8221;left&#8221; background_image_as_pattern=&#8221;without_pattern&#8221; background_image=&#8221;29878&#8243; side_padding=&#8221;8&#8243; padding_top=&#8221;60&#8243; padding_bottom=&#8221;60&#8243; z_index=&#8221;&#8221;][vc_column width=&#8221;1\/4&#8243;][vc_single_image image=&#8221;27921&#8243; img_size=&#8221;full&#8221; qode_css_animation=&#8221;&#8221;][vc_empty_space height=&#8221;20px&#8221;][vc_column_text]<\/p>\n<h2 style=\"color: #fff;\">Impressoras Jato de Tinta<\/h2>\n<p>[\/vc_column_text][\/vc_column][vc_column width=&#8221;1\/4&#8243;]<div class='image_hover ' style='' data-transition-delay=''><div class='images_holder'><a itemprop='url' href='https:\/\/www.risolatin.com\/pt-br\/produtos-rio\/impressoras-jato-de-tinta-comcolor\/impressora-jato-de-tinta\/' target='_self'><img itemprop='image' class='active_image ' src='https:\/\/www.risolatin.com\/wp-content\/uploads\/2023\/12\/ft-top-button-pt.webp' alt='' style='' \/><img itemprop='image' class='hover_image' src='https:\/\/www.risolatin.com\/wp-content\/uploads\/2023\/12\/ft-top-button-pt-on.webp' alt='' style='' \/><\/a><\/div><\/div>[\/vc_column][vc_column width=&#8221;1\/4&#8243;][vc_single_image image=&#8221;29217&#8243; img_size=&#8221;full&#8221; style=&#8221;vc_box_rounded&#8221; qode_css_animation=&#8221;&#8221;][\/vc_column][vc_column width=&#8221;1\/4&#8243;]<div class='image_hover ' style='' data-transition-delay=''><div class='images_holder'><a itemprop='url' href='https:\/\/www.risolatin.com\/pt-br\/produtos-rio\/impressoras-jato-de-tinta-comcolor\/impressora-jato-de-tinta-de-producao\/' target='_self'><img itemprop='image' class='active_image ' src='https:\/\/www.risolatin.com\/wp-content\/uploads\/2023\/12\/valezus-top-button-pt-1.webp' alt='' style='' \/><img itemprop='image' class='hover_image' src='https:\/\/www.risolatin.com\/wp-content\/uploads\/2023\/12\/valezus-top-button-pt-on-1.webp' alt='' style='' \/><\/a><\/div><\/div>[\/vc_column][\/vc_row][vc_row css_animation=&#8221;&#8221; row_type=&#8221;row&#8221; use_row_as_full_screen_section=&#8221;no&#8221; type=&#8221;grid&#8221; angled_section=&#8221;no&#8221; text_align=&#8221;left&#8221; background_image_as_pattern=&#8221;without_pattern&#8221; padding_top=&#8221;75&#8243; padding_bottom=&#8221;80&#8243;][vc_column width=&#8221;1\/2&#8243;][vc_column_text css=&#8221;.vc_custom_1659099613020{margin-bottom: 20px !important;}&#8221;]<\/p>\n<h1>S\u00e9rie ComColor<span style=\"font-size: 14px; vertical-align: 22px;\">\u00ae<\/span> GL<\/h1>\n<p>[\/vc_column_text][vc_column_text]<\/p>\n<h2>Projetado para Trabalhos de Impress\u00e3o de Produ\u00e7\u00e3o com Velocidade, Estabilidade e Alto Volume<\/h2>\n<p>Projetado para capacitar sua empresa com produ\u00e7\u00e3o de alto volume, confi\u00e1vel e de qualidade. Transforme sua impress\u00e3o com a ComColor GL.<\/p>\n<h4>A Vantagem do FORCEJET\u2122<\/h4>\n<p>A tecnologia de jato de tinta de alta velocidade da RISO, FORCEJET, consiste em cabe\u00e7as de impress\u00e3o a jato de tinta longas, coloridas e em linha, dispostas em paralelo para impress\u00e3o de passagem \u00fanica de preto, ciano, magenta, amarelo e cinza em papel A3\/Ledger com alimenta\u00e7\u00e3o pela borda curta. A funcionalidade de impress\u00e3o r\u00e1pida combinada com um fornecimento de papel r\u00e1pido e est\u00e1vel resulta numa velocidade de impress\u00e3o de 165 p\u00e1ginas por minuto para alimenta\u00e7\u00e3o A4 pela margem longa, em simplex, literalmente a mais r\u00e1pida* do mundo.<\/p>\n<h4>Alimenta\u00e7\u00e3o Estabilizada de Papel<\/h4>\n<p>Um sistema de alimenta\u00e7\u00e3o direta alimenta o papel horizontalmente para permitir impress\u00e3o em alta velocidade com deslocamento m\u00ednimo de impress\u00e3o. A tecnologia FORCEJET garante uma velocidade de alimenta\u00e7\u00e3o de papel ideal que corresponde \u00e0 quantidade de tinta pulverizada pelas cabe\u00e7as de tinta.<\/p>\n<h4>Tinta de Impress\u00e3o de Alta Velocidade<\/h4>\n<p>A tinta pigmentada especial \u00e0 base de \u00f3leo, de secagem r\u00e1pida, desenvolvida exclusivamente para a s\u00e9rie ComColor GL, evita manchas no verso do papel impresso, bem como enrugamento, para permitir impress\u00e3o a jato de tinta duplex em alta velocidade sem precedentes. A tinta tamb\u00e9m \u00e9 resistente \u00e0 degrada\u00e7\u00e3o pela luz e \u00e1gua.<\/p>\n<h4>Ecol\u00f3gica<\/h4>\n<p>A tecnologia FORCEJET\u2122 propriet\u00e1ria da RISO oferece imagens sem aquecimento, resultando num desempenho excepcional. O m\u00ednimo de pe\u00e7as m\u00f3veis e a engenharia impec\u00e1vel podem atender \u00e0s necessidades exigentes de ambientes de alta produ\u00e7\u00e3o.<\/p>\n<h4>Levando a Qualidade a um N\u00edvel Superior<\/h4>\n<p>A s\u00e9rie ComColor GL foi projetada com recursos que garantem qualidade de sa\u00edda est\u00e1vel para resultados de impress\u00e3o consistentes em alta velocidade, incluindo um sistema Piezo que regula a quantidade de tinta. A qualidade da imagem em preto foi melhorada com a instala\u00e7\u00e3o de um cabe\u00e7ote de impress\u00e3o rec\u00e9m-desenvolvido e tinta preta. Tintas adicionais enriquecem a apar\u00eancia das imagens e melhoram a qualidade geral das cores.<\/p>\n<p>Esta tecnologia e abordagem exclusivas da RISO ao processo de impress\u00e3o trazem os benef\u00edcios adicionais de um baixo custo total de propriedade quando comparado com a tecnologia de toner, e maior controlo sobre a gest\u00e3o de custos. Ele tamb\u00e9m permite a migra\u00e7\u00e3o pr\u00e1tica da produ\u00e7\u00e3o simples em cores real\u00e7adas ou monocrom\u00e1ticas para uma solu\u00e7\u00e3o de papel branco em folhas soltas. Isto proporciona um valor acrescentado genu\u00edno, pois elimina a necessidade de manter grandes volumes de material pr\u00e9-impresso e abre possibilidades para um salto em frente na impress\u00e3o em cores.[\/vc_column_text][vc_column_text]<\/p>\n<p style=\"font-size: 13px;\">*A4 com alimenta\u00e7\u00e3o pela borda longa, simplex, impress\u00e3o cont\u00ednua em configura\u00e7\u00e3o de densidade padr\u00e3o, com base em impressoras coloridas de escrit\u00f3rio usando folhas soltas comercialmente dispon\u00edveis em fevereiro de 2016 (Fonte: dados RISO).<\/p>\n<p>[\/vc_column_text][\/vc_column][vc_column width=&#8221;1\/2&#8243;][vc_single_image image=&#8221;28091&#8243; img_size=&#8221;full&#8221; qode_css_animation=&#8221;element_from_right&#8221;][\/vc_column][\/vc_row][vc_row css_animation=&#8221;&#8221; row_type=&#8221;row&#8221; use_row_as_full_screen_section=&#8221;no&#8221; type=&#8221;grid&#8221; angled_section=&#8221;no&#8221; text_align=&#8221;left&#8221; background_image_as_pattern=&#8221;without_pattern&#8221;][vc_column width=&#8221;1\/6&#8243;][\/vc_column][vc_column width=&#8221;2\/3&#8243;][vc_video link=&#8221;https:\/\/youtu.be\/v2YFxaxGAvk&#8221; align=&#8221;center&#8221;][\/vc_column][vc_column width=&#8221;1\/6&#8243;][\/vc_column][\/vc_row][vc_row css_animation=&#8221;&#8221; row_type=&#8221;row&#8221; use_row_as_full_screen_section=&#8221;no&#8221; type=&#8221;grid&#8221; angled_section=&#8221;no&#8221; text_align=&#8221;left&#8221; background_image_as_pattern=&#8221;without_pattern&#8221;][vc_column][vc_separator type=&#8221;normal&#8221; color=&#8221;#acacac&#8221; thickness=&#8221;1&#8243; up=&#8221;40&#8243; down=&#8221;45&#8243;][vc_row_inner row_type=&#8221;row&#8221; type=&#8221;full_width&#8221; text_align=&#8221;left&#8221; css_animation=&#8221;&#8221;][vc_column_inner width=&#8221;1\/3&#8243;][vc_single_image image=&#8221;28091&#8243; img_size=&#8221;full&#8221; alignment=&#8221;center&#8221; onclick=&#8221;custom_link&#8221; qode_css_animation=&#8221;&#8221; link=&#8221;\/pt-br\/produtos\/impressoras-jato-de-tinta-comcolor\/serie-gl\/gl-9730\/&#8221;]<a id=\"product_button\" itemprop=\"url\" href=\"https:\/\/www.risolatin.com\/products-riso\/comcolor-inkjet-printers\/gl-series-comcolor-inkjet-printers\/comcolor-gl-9730\/\" target=\"_self\" data-hover-background-color='#ffffff' data-hover-border-color='#ffffff' data-hover-color='#5b3292' class=\"qbutton  small center enlarge\" style=\"color: #ffffff; border-color: #5b3292; font-style: normal; font-weight: 800; border-radius: 4px;-moz-border-radius: 4px;-webkit-border-radius: 4px; background-color: #5b3292;\">VER PRODUTO<i class=\"qode_icon_font_awesome fa fa-caret-right qode_button_icon_element\" style=\"color: #ffffff;\" ><\/i><\/a>[\/vc_column_inner][vc_column_inner width=&#8221;2\/3&#8243;][vc_column_text]<\/p>\n<h2>ComColor GL 9730<\/h2>\n<p>Cor de alta velocidade, a melhor da categoria.[\/vc_column_text][vc_column_text]<img loading=\"lazy\" decoding=\"async\" class=\"alignnone wp-image-15088 size-full\" style=\"vertical-align: middle;\" src=\"https:\/\/www.risolatin.com\/wp-content\/uploads\/2016\/06\/icon-ppm.png\" alt=\"\" width=\"58\" height=\"40\" \/>165 ppm<\/p>\n<p><img loading=\"lazy\" decoding=\"async\" class=\"alignnone wp-image-15093 size-full\" style=\"vertical-align: middle;\" src=\"https:\/\/www.risolatin.com\/wp-content\/uploads\/2016\/06\/icon-sheet-capacity.png\" alt=\"icon-sheet-capacity\" width=\"58\" height=\"40\" \/>Capacidade para 4.500 folhas<\/p>\n<p><img loading=\"lazy\" decoding=\"async\" class=\"alignnone wp-image-15090 size-full\" style=\"vertical-align: middle;\" src=\"https:\/\/www.risolatin.com\/wp-content\/uploads\/2016\/06\/icon-low-costs.png\" alt=\"\" width=\"58\" height=\"40\" \/>Baixos custos operacionais[\/vc_column_text][\/vc_column_inner][\/vc_row_inner][\/vc_column][\/vc_row][vc_row css_animation=&#8221;&#8221; row_type=&#8221;row&#8221; use_row_as_full_screen_section=&#8221;no&#8221; type=&#8221;grid&#8221; angled_section=&#8221;no&#8221; text_align=&#8221;left&#8221; background_image_as_pattern=&#8221;without_pattern&#8221;][vc_column][vc_separator type=&#8221;normal&#8221; color=&#8221;#acacac&#8221; thickness=&#8221;1&#8243; up=&#8221;40&#8243; down=&#8221;45&#8243;][vc_row_inner row_type=&#8221;row&#8221; type=&#8221;full_width&#8221; text_align=&#8221;left&#8221; css_animation=&#8221;&#8221;][vc_column_inner width=&#8221;1\/3&#8243;][vc_single_image image=&#8221;28091&#8243; img_size=&#8221;full&#8221; alignment=&#8221;center&#8221; onclick=&#8221;custom_link&#8221; qode_css_animation=&#8221;&#8221; link=&#8221;\/pt-br\/produtos\/impressoras-jato-de-tinta-comcolor\/serie-gl\/gl-7430\/&#8221;]<a id=\"product_button\" itemprop=\"url\" href=\"https:\/\/www.risolatin.com\/products-riso\/comcolor-inkjet-printers\/gl-series-comcolor-inkjet-printers\/comcolor-gl-7430\/\" target=\"_self\" data-hover-background-color='#ffffff' data-hover-border-color='#ffffff' data-hover-color='#5b3292' class=\"qbutton  small center enlarge\" style=\"color: #ffffff; border-color: #5b3292; font-style: normal; font-weight: 800; border-radius: 4px;-moz-border-radius: 4px;-webkit-border-radius: 4px; background-color: #5b3292;\">VER PRODUTO<i class=\"qode_icon_font_awesome fa fa-caret-right qode_button_icon_element\" style=\"color: #ffffff;\" ><\/i><\/a>[\/vc_column_inner][vc_column_inner width=&#8221;2\/3&#8243;][vc_column_text]<\/p>\n<h2>ComColor GL 7430<\/h2>\n<p>Velocidades incrivelmente r\u00e1pidas.[\/vc_column_text][vc_column_text]<img loading=\"lazy\" decoding=\"async\" class=\"alignnone wp-image-15088 size-full\" style=\"vertical-align: middle;\" src=\"https:\/\/www.risolatin.com\/wp-content\/uploads\/2016\/06\/icon-ppm.png\" alt=\"\" width=\"58\" height=\"40\" \/>140 ppm<\/p>\n<p><img loading=\"lazy\" decoding=\"async\" class=\"alignnone wp-image-15093 size-full\" style=\"vertical-align: middle;\" src=\"https:\/\/www.risolatin.com\/wp-content\/uploads\/2016\/06\/icon-sheet-capacity.png\" alt=\"\" width=\"58\" height=\"40\" \/>Capacidade para 4.500 folhas<\/p>\n<p><img loading=\"lazy\" decoding=\"async\" class=\"alignnone size-full wp-image-15091\" style=\"vertical-align: middle;\" src=\"https:\/\/www.risolatin.com\/wp-content\/uploads\/2016\/06\/icon-fast.png\" alt=\"icon-fast\" width=\"58\" height=\"40\" \/>R\u00e1pida[\/vc_column_text][\/vc_column_inner][\/vc_row_inner][\/vc_column][\/vc_row][vc_row css_animation=&#8221;&#8221; row_type=&#8221;row&#8221; use_row_as_full_screen_section=&#8221;no&#8221; type=&#8221;full_width&#8221; angled_section=&#8221;no&#8221; text_align=&#8221;left&#8221; background_image_as_pattern=&#8221;without_pattern&#8221;][vc_column][vc_empty_space][\/vc_column][\/vc_row][vc_row css_animation=&#8221;&#8221; row_type=&#8221;row&#8221; use_row_as_full_screen_section=&#8221;no&#8221; type=&#8221;grid&#8221; angled_section=&#8221;no&#8221; text_align=&#8221;left&#8221; background_image_as_pattern=&#8221;without_pattern&#8221; background_color=&#8221;#5b3292&#8243; border_color=&#8221;#ffffff&#8221; padding_top=&#8221;40&#8243; padding_bottom=&#8221;40&#8243; css=&#8221;.vc_custom_1466711492251{margin-top: 100px !important;}&#8221;][vc_column width=&#8221;3\/4&#8243;][vc_column_text]<\/p>\n<h1 style=\"color: #ffffff;\">N\u00e3o Tem Certeza de Qual RISO \u00e9 Ideal Para Voc\u00ea?<\/h1>\n<h3 style=\"color: #ffffff;\">Baixe Nossa Tabela de Compara\u00e7\u00e3o de Impressoras<\/h3>\n<p>[\/vc_column_text][\/vc_column][vc_column width=&#8221;1\/4&#8243;]<a  itemprop=\"url\" href=\"\/wp-content\/uploads\/2023\/10\/Comparison-Chart-CC-Sep23-PT.pdf\" target=\"_blank\" data-hover-background-color='#5b3292' data-hover-border-color='#5b3292' data-hover-color='#ffffff' class=\"qbutton  medium white default\" style=\"color: #5b3292; border-color: #ffffff; border-radius: 4px;-moz-border-radius: 4px;-webkit-border-radius: 4px; background-color: #ffffff;\">TABELA DE COMPARA\u00c7\u00c3O<i class=\"qode_icon_font_awesome fa fa-caret-right qode_button_icon_element\" style=\"color: #5b3292;\" ><\/i><\/a>[\/vc_column][\/vc_row]<\/p>\n","protected":false},"excerpt":{"rendered":"<p>[vc_row css_animation=&#8221;&#8221; row_type=&#8221;row&#8221; use_row_as_full_screen_section=&#8221;no&#8221; type=&#8221;full_width&#8221; angled_section=&#8221;no&#8221; text_align=&#8221;left&#8221; background_image_as_pattern=&#8221;without_pattern&#8221; background_image=&#8221;29878&#8243; side_padding=&#8221;8&#8243; padding_top=&#8221;60&#8243; padding_bottom=&#8221;60&#8243; z_index=&#8221;&#8221;][vc_column width=&#8221;1\/4&#8243;][vc_single_image image=&#8221;27921&#8243; img_size=&#8221;full&#8221; qode_css_animation=&#8221;&#8221;][vc_empty_space height=&#8221;20px&#8221;][vc_column_text] Impressoras Jato de Tinta [\/vc_column_text][\/vc_column][vc_column width=&#8221;1\/4&#8243;][\/vc_column][vc_column width=&#8221;1\/4&#8243;][vc_single_image image=&#8221;29217&#8243; img_size=&#8221;full&#8221; style=&#8221;vc_box_rounded&#8221; qode_css_animation=&#8221;&#8221;][\/vc_column][vc_column width=&#8221;1\/4&#8243;][\/vc_column][\/vc_row][vc_row css_animation=&#8221;&#8221; row_type=&#8221;row&#8221; use_row_as_full_screen_section=&#8221;no&#8221; type=&#8221;grid&#8221; angled_section=&#8221;no&#8221; text_align=&#8221;left&#8221; background_image_as_pattern=&#8221;without_pattern&#8221; padding_top=&#8221;75&#8243; padding_bottom=&#8221;80&#8243;][vc_column width=&#8221;1\/2&#8243;][vc_column_text css=&#8221;.vc_custom_1659099613020{margin-bottom: 20px !important;}&#8221;] S\u00e9rie ComColor\u00ae&#8230;<\/p>\n","protected":false},"author":1,"featured_media":29733,"parent":28555,"menu_order":1,"comment_status":"closed","ping_status":"closed","template":"full_width.php","meta":{"_uf_show_specific_survey":0,"_uf_disable_surveys":false,"footnotes":""},"class_list":["post-28811","page","type-page","status-publish","has-post-thumbnail","hentry"],"_links":{"self":[{"href":"https:\/\/www.risolatin.com\/pt-br\/wp-json\/wp\/v2\/pages\/28811","targetHints":{"allow":["GET"]}}],"collection":[{"href":"https:\/\/www.risolatin.com\/pt-br\/wp-json\/wp\/v2\/pages"}],"about":[{"href":"https:\/\/www.risolatin.com\/pt-br\/wp-json\/wp\/v2\/types\/page"}],"author":[{"embeddable":true,"href":"https:\/\/www.risolatin.com\/pt-br\/wp-json\/wp\/v2\/users\/1"}],"replies":[{"embeddable":true,"href":"https:\/\/www.risolatin.com\/pt-br\/wp-json\/wp\/v2\/comments?post=28811"}],"version-history":[{"count":0,"href":"https:\/\/www.risolatin.com\/pt-br\/wp-json\/wp\/v2\/pages\/28811\/revisions"}],"up":[{"embeddable":true,"href":"https:\/\/www.risolatin.com\/pt-br\/wp-json\/wp\/v2\/pages\/28555"}],"wp:featuredmedia":[{"embeddable":true,"href":"https:\/\/www.risolatin.com\/pt-br\/wp-json\/wp\/v2\/media\/29733"}],"wp:attachment":[{"href":"https:\/\/www.risolatin.com\/pt-br\/wp-json\/wp\/v2\/media?parent=28811"}],"curies":[{"name":"wp","href":"https:\/\/api.w.org\/{rel}","templated":true}]}}