{"id":29139,"date":"2023-07-25T19:31:32","date_gmt":"2023-07-25T19:31:32","guid":{"rendered":"https:\/\/risolatin.wpengine.com\/produtos\/duplicadores-digitais\/serie-cv\/"},"modified":"2023-12-21T21:31:52","modified_gmt":"2023-12-21T21:31:52","slug":"serie-cv","status":"publish","type":"page","link":"https:\/\/www.risolatin.com\/pt-br\/produtos-rio\/duplicadores-digitais-riso\/serie-cv\/","title":{"rendered":"S\u00e9rie CV"},"content":{"rendered":"<p>[vc_row css_animation=&#8221;&#8221; row_type=&#8221;row&#8221; use_row_as_full_screen_section=&#8221;no&#8221; type=&#8221;full_width&#8221; angled_section=&#8221;no&#8221; text_align=&#8221;left&#8221; background_image_as_pattern=&#8221;without_pattern&#8221; background_image=&#8221;20902&#8243; side_padding=&#8221;8&#8243; padding_top=&#8221;165&#8243; padding_bottom=&#8221;25&#8243; z_index=&#8221;&#8221;][vc_column width=&#8221;1\/4&#8243;][vc_column_text css=&#8221;.vc_custom_1631030217404{padding-top: 40px !important;}&#8221;]<\/p>\n<h2 style=\"color: #fff;\">Duplicadores Digitais<\/h2>\n<p>[\/vc_column_text][\/vc_column][vc_column width=&#8221;1\/4&#8243;]<div class='image_hover ' style='' data-transition-delay=''><div class='images_holder'><a itemprop='url' href='\/pt-br\/produtos\/duplicadores-digitais\/sf9490' target='_self'><img itemprop='image' class='active_image ' src='https:\/\/www.risolatin.com\/wp-content\/uploads\/2023\/12\/dd-production-top-button-pt.webp' alt='' style='' \/><img itemprop='image' class='hover_image' src='https:\/\/www.risolatin.com\/wp-content\/uploads\/2023\/12\/dd-production-top-button-pt-on.webp' alt='' style='' \/><\/a><\/div><\/div>[\/vc_column][vc_column width=&#8221;1\/4&#8243;]<div class='image_hover ' style='' data-transition-delay=''><div class='images_holder'><a itemprop='url' href='\/pt-br\/produtos\/duplicadores-digitais\/duas-cores\/' target='_self'><img itemprop='image' class='active_image ' src='https:\/\/www.risolatin.com\/wp-content\/uploads\/2023\/12\/dd-two-color-top-button-pt.webp' alt='' style='' \/><img itemprop='image' class='hover_image' src='https:\/\/www.risolatin.com\/wp-content\/uploads\/2023\/12\/dd-two-color-top-button-pt-on.webp' alt='' style='' \/><\/a><\/div><\/div>[\/vc_column][vc_column width=&#8221;1\/4&#8243;][vc_single_image image=&#8221;29238&#8243; img_size=&#8221;full&#8221; qode_css_animation=&#8221;&#8221;][\/vc_column][\/vc_row][vc_row css_animation=&#8221;&#8221; row_type=&#8221;row&#8221; use_row_as_full_screen_section=&#8221;no&#8221; type=&#8221;grid&#8221; angled_section=&#8221;no&#8221; text_align=&#8221;left&#8221; background_image_as_pattern=&#8221;without_pattern&#8221; padding_top=&#8221;75&#8243; padding_bottom=&#8221;80&#8243;][vc_column width=&#8221;1\/2&#8243;][vc_column_text css=&#8221;.vc_custom_1690313137637{margin-bottom: 15px !important;}&#8221;]<\/p>\n<h1>S\u00e9rie RISO CV<br \/>\nDuplicadores Digitais<\/h1>\n<p>[\/vc_column_text][vc_column_text]<\/p>\n<h4>Apresentando a s\u00e9rie CV para impress\u00e3o sofisticada, por\u00e9m conveniente e econ\u00f4mica.<\/h4>\n<p>A experi\u00eancia consider\u00e1vel em mercados variados fornece \u00e0 RISO informa\u00e7\u00f5es sobre as necessidades dos clientes<br \/>\nem todo o mundo. A s\u00e9rie de CV da RISO \u00e9 o resultado destas informa\u00e7\u00f5es valiosas e da I&amp;D interna da RISO. Ela oferece todos os benef\u00edcios que nossos clientes desejam, incluindo economia de tempo e custos combinada com facilidade de opera\u00e7\u00e3o, qualidade de impress\u00e3o superior e design f\u00e1cil de usar. A s\u00e9rie CV oferece valor ao cliente como nenhum outro equipamento da sua classe.[\/vc_column_text][\/vc_column][vc_column width=&#8221;1\/2&#8243;][vc_single_image image=&#8221;28413&#8243; img_size=&#8221;full&#8221; qode_css_animation=&#8221;element_from_right&#8221; transition_delay=&#8221;.3&#8243;][\/vc_column][\/vc_row][vc_row css_animation=&#8221;&#8221; row_type=&#8221;row&#8221; use_row_as_full_screen_section=&#8221;no&#8221; type=&#8221;grid&#8221; angled_section=&#8221;no&#8221; text_align=&#8221;left&#8221; background_image_as_pattern=&#8221;without_pattern&#8221;][vc_column][vc_separator type=&#8221;normal&#8221; color=&#8221;#acacac&#8221; thickness=&#8221;1&#8243; up=&#8221;40&#8243; down=&#8221;45&#8243;][vc_row_inner row_type=&#8221;row&#8221; type=&#8221;full_width&#8221; text_align=&#8221;left&#8221; css_animation=&#8221;&#8221;][vc_column_inner width=&#8221;1\/3&#8243;][vc_single_image image=&#8221;28377&#8243; img_size=&#8221;full&#8221; alignment=&#8221;center&#8221; onclick=&#8221;custom_link&#8221; qode_css_animation=&#8221;&#8221; link=&#8221;\/pt-br\/produtos\/duplicadores-digitais\/serie-cv\/cv3230\/&#8221;]<a id=\"product_button\" itemprop=\"url\" href=\"\/pt-br\/produtos\/duplicadores-digitais\/serie-cv\/cv3230\/\" target=\"_self\" data-hover-background-color='#5b3292' data-hover-color='#ffffff' class=\"qbutton  small center enlarge\" style=\"color: #000000; font-style: normal; font-weight: 800; background-color: #d8cde8;\">VER PRODUTO<i class=\"qode_icon_font_awesome fa fa-caret-right qode_button_icon_element\" style=\"color: #000000;\" ><\/i><\/a>[\/vc_column_inner][vc_column_inner width=&#8221;2\/3&#8243;][vc_column_text]<\/p>\n<h2>RISO CV3230<\/h2>\n<p>[\/vc_column_text][vc_column_text]<img loading=\"lazy\" decoding=\"async\" class=\"alignnone wp-image-15088 size-full\" style=\"vertical-align: middle;\" src=\"https:\/\/www.risolatin.com\/wp-content\/uploads\/2016\/06\/icon-ppm.png\" alt=\"\" width=\"58\" height=\"40\" \/>Impress\u00e3o em Alta Velocidade de at\u00e9 130 ppm<\/p>\n<p><img loading=\"lazy\" decoding=\"async\" class=\"alignnone wp-image-19213 size-full\" style=\"vertical-align: middle;\" src=\"https:\/\/www.risolatin.com\/wp-content\/uploads\/2019\/08\/icon-paper-size.png\" alt=\"\" width=\"58\" height=\"40\" \/>Tamanho do Papel B4<\/p>\n<p><img loading=\"lazy\" decoding=\"async\" class=\"alignnone wp-image-16295 size-full\" style=\"vertical-align: middle;\" src=\"https:\/\/www.risolatin.com\/wp-content\/uploads\/2016\/09\/icons-hd.png\" alt=\"\" width=\"58\" height=\"40\" \/><span style=\"line-height: 1.5;\">Alta Resolu\u00e7\u00e3o 300 x 600 dpi<\/span>[\/vc_column_text][\/vc_column_inner][\/vc_row_inner][vc_separator type=&#8221;normal&#8221; color=&#8221;#acacac&#8221; thickness=&#8221;1&#8243; up=&#8221;40&#8243; down=&#8221;45&#8243;][vc_row_inner row_type=&#8221;row&#8221; type=&#8221;full_width&#8221; text_align=&#8221;left&#8221; css_animation=&#8221;&#8221;][vc_column_inner width=&#8221;1\/3&#8243;][vc_single_image image=&#8221;28379&#8243; img_size=&#8221;full&#8221; alignment=&#8221;center&#8221; onclick=&#8221;custom_link&#8221; qode_css_animation=&#8221;&#8221; link=&#8221;\/pt-br\/produtos\/duplicadores-digitais\/serie-cv\/cv1200\/&#8221;]<a id=\"product_button\" itemprop=\"url\" href=\"\/pt-br\/produtos\/duplicadores-digitais\/serie-cv\/cv1200\/\" target=\"_self\" data-hover-background-color='#5b3292' data-hover-color='#ffffff' class=\"qbutton  small center enlarge\" style=\"color: #000000; font-style: normal; font-weight: 800; background-color: #d8cde8;\">VER PRODUTO<i class=\"qode_icon_font_awesome fa fa-caret-right qode_button_icon_element\" style=\"color: #000000;\" ><\/i><\/a>[\/vc_column_inner][vc_column_inner width=&#8221;2\/3&#8243;][vc_column_text]<\/p>\n<h2>RISO CV1200<\/h2>\n<p>[\/vc_column_text][vc_column_text]<img loading=\"lazy\" decoding=\"async\" class=\"alignnone wp-image-15088 size-full\" style=\"vertical-align: middle;\" src=\"https:\/\/www.risolatin.com\/wp-content\/uploads\/2016\/06\/icon-ppm.png\" alt=\"\" width=\"58\" height=\"40\" \/>Impress\u00e3o em Alta Velocidade de at\u00e9 100 ppm<\/p>\n<p><img loading=\"lazy\" decoding=\"async\" class=\"alignnone wp-image-19213 size-full\" style=\"vertical-align: middle;\" src=\"https:\/\/www.risolatin.com\/wp-content\/uploads\/2019\/08\/icon-paper-size.png\" alt=\"\" width=\"58\" height=\"40\" \/>Tamanho do Papel B4<\/p>\n<p><img loading=\"lazy\" decoding=\"async\" class=\"alignnone wp-image-16295 size-full\" style=\"vertical-align: middle;\" src=\"https:\/\/www.risolatin.com\/wp-content\/uploads\/2016\/09\/icons-hd.png\" alt=\"\" width=\"58\" height=\"40\" \/><span style=\"line-height: 1.5;\">Alta Resolu\u00e7\u00e3o 300 x 300 dpi<\/span>[\/vc_column_text][\/vc_column_inner][\/vc_row_inner][vc_separator type=&#8221;normal&#8221; color=&#8221;#acacac&#8221; thickness=&#8221;1&#8243; up=&#8221;40&#8243; down=&#8221;45&#8243;][\/vc_column][\/vc_row]<\/p>\n","protected":false},"excerpt":{"rendered":"<p>[vc_row css_animation=&#8221;&#8221; row_type=&#8221;row&#8221; use_row_as_full_screen_section=&#8221;no&#8221; type=&#8221;full_width&#8221; angled_section=&#8221;no&#8221; text_align=&#8221;left&#8221; background_image_as_pattern=&#8221;without_pattern&#8221; background_image=&#8221;20902&#8243; side_padding=&#8221;8&#8243; padding_top=&#8221;165&#8243; padding_bottom=&#8221;25&#8243; z_index=&#8221;&#8221;][vc_column width=&#8221;1\/4&#8243;][vc_column_text css=&#8221;.vc_custom_1631030217404{padding-top: 40px !important;}&#8221;] Duplicadores Digitais [\/vc_column_text][\/vc_column][vc_column width=&#8221;1\/4&#8243;][\/vc_column][vc_column width=&#8221;1\/4&#8243;][\/vc_column][vc_column width=&#8221;1\/4&#8243;][vc_single_image image=&#8221;29238&#8243; img_size=&#8221;full&#8221; qode_css_animation=&#8221;&#8221;][\/vc_column][\/vc_row][vc_row css_animation=&#8221;&#8221; row_type=&#8221;row&#8221; use_row_as_full_screen_section=&#8221;no&#8221; type=&#8221;grid&#8221; angled_section=&#8221;no&#8221; text_align=&#8221;left&#8221; background_image_as_pattern=&#8221;without_pattern&#8221; padding_top=&#8221;75&#8243; padding_bottom=&#8221;80&#8243;][vc_column width=&#8221;1\/2&#8243;][vc_column_text css=&#8221;.vc_custom_1690313137637{margin-bottom: 15px !important;}&#8221;] S\u00e9rie RISO CV Duplicadores Digitais [\/vc_column_text][vc_column_text]&#8230;<\/p>\n","protected":false},"author":1,"featured_media":0,"parent":28564,"menu_order":4,"comment_status":"closed","ping_status":"closed","template":"full_width.php","meta":{"_uf_show_specific_survey":0,"_uf_disable_surveys":false,"footnotes":""},"class_list":["post-29139","page","type-page","status-publish","hentry"],"_links":{"self":[{"href":"https:\/\/www.risolatin.com\/pt-br\/wp-json\/wp\/v2\/pages\/29139","targetHints":{"allow":["GET"]}}],"collection":[{"href":"https:\/\/www.risolatin.com\/pt-br\/wp-json\/wp\/v2\/pages"}],"about":[{"href":"https:\/\/www.risolatin.com\/pt-br\/wp-json\/wp\/v2\/types\/page"}],"author":[{"embeddable":true,"href":"https:\/\/www.risolatin.com\/pt-br\/wp-json\/wp\/v2\/users\/1"}],"replies":[{"embeddable":true,"href":"https:\/\/www.risolatin.com\/pt-br\/wp-json\/wp\/v2\/comments?post=29139"}],"version-history":[{"count":0,"href":"https:\/\/www.risolatin.com\/pt-br\/wp-json\/wp\/v2\/pages\/29139\/revisions"}],"up":[{"embeddable":true,"href":"https:\/\/www.risolatin.com\/pt-br\/wp-json\/wp\/v2\/pages\/28564"}],"wp:attachment":[{"href":"https:\/\/www.risolatin.com\/pt-br\/wp-json\/wp\/v2\/media?parent=29139"}],"curies":[{"name":"wp","href":"https:\/\/api.w.org\/{rel}","templated":true}]}}