{"id":29155,"date":"2019-08-26T13:30:25","date_gmt":"2019-08-26T13:30:25","guid":{"rendered":"https:\/\/risolatin.wpengine.com\/produtos\/duplicadores-digitais\/serie-sfeii\/"},"modified":"2024-08-12T15:42:54","modified_gmt":"2024-08-12T15:42:54","slug":"serie-sfeii","status":"publish","type":"page","link":"https:\/\/www.risolatin.com\/pt-br\/produtos-rio\/duplicadores-digitais-riso\/serie-sfeii\/","title":{"rendered":"S\u00e9rie SFEII"},"content":{"rendered":"<p>[vc_row css_animation=&#8221;&#8221; row_type=&#8221;row&#8221; use_row_as_full_screen_section=&#8221;no&#8221; type=&#8221;full_width&#8221; angled_section=&#8221;no&#8221; text_align=&#8221;left&#8221; background_image_as_pattern=&#8221;without_pattern&#8221; background_image=&#8221;20902&#8243; side_padding=&#8221;8&#8243; padding_top=&#8221;165&#8243; padding_bottom=&#8221;25&#8243; z_index=&#8221;&#8221;][vc_column width=&#8221;1\/4&#8243;][vc_column_text css=&#8221;.vc_custom_1631030217404{padding-top: 40px !important;}&#8221;]<\/p>\n<h2 style=\"color: #fff;\">Duplicadores Digitais<\/h2>\n<p>[\/vc_column_text][\/vc_column][vc_column width=&#8221;1\/4&#8243;]<div class='image_hover ' style='' data-transition-delay=''><div class='images_holder'><a itemprop='url' href='https:\/\/www.risolatin.com\/pt-br\/produtos-rio\/duplicadores-digitais-riso\/sf9490\/' target='_self'><img itemprop='image' class='active_image ' src='https:\/\/www.risolatin.com\/wp-content\/uploads\/2023\/12\/dd-production-top-button-pt.webp' alt='' style='' \/><img itemprop='image' class='hover_image' src='https:\/\/www.risolatin.com\/wp-content\/uploads\/2023\/12\/dd-production-top-button-pt-on.webp' alt='' style='' \/><\/a><\/div><\/div>[\/vc_column][vc_column width=&#8221;1\/4&#8243;]<div class='image_hover ' style='' data-transition-delay=''><div class='images_holder'><a itemprop='url' href='https:\/\/www.risolatin.com\/pt-br\/produtos-riso\/duplicadores-digitais\/duas-cores\/' target='_self'><img itemprop='image' class='active_image ' src='https:\/\/www.risolatin.com\/wp-content\/uploads\/2023\/12\/dd-two-color-top-button-pt.webp' alt='' style='' \/><img itemprop='image' class='hover_image' src='https:\/\/www.risolatin.com\/wp-content\/uploads\/2023\/12\/dd-two-color-top-button-pt-on.webp' alt='' style='' \/><\/a><\/div><\/div>[\/vc_column][vc_column width=&#8221;1\/4&#8243;][vc_single_image image=&#8221;29238&#8243; img_size=&#8221;full&#8221; qode_css_animation=&#8221;&#8221;][\/vc_column][\/vc_row][vc_row css_animation=&#8221;&#8221; row_type=&#8221;row&#8221; use_row_as_full_screen_section=&#8221;no&#8221; type=&#8221;grid&#8221; angled_section=&#8221;no&#8221; text_align=&#8221;left&#8221; background_image_as_pattern=&#8221;without_pattern&#8221; padding_top=&#8221;75&#8243; padding_bottom=&#8221;80&#8243;][vc_column width=&#8221;1\/2&#8243;][vc_column_text css=&#8221;.vc_custom_1565293490510{margin-bottom: 15px !important;}&#8221;]<\/p>\n<h1>S\u00e9rie RISO SF EII<br \/>\nDuplicadores Digitais<\/h1>\n<p>[\/vc_column_text][vc_column_text]<\/p>\n<h2 style=\"padding-bottom: 15px;\">Velocidade Avan\u00e7ada Edi\u00e7\u00e3o II<\/h2>\n<h4>Apresentando a s\u00e9rie SF EII, uma nova marca verdadeiramente global, com solu\u00e7\u00f5es para as necessidades de cada usu\u00e1rio<\/h4>\n<p>Empregada em mais de 190 pa\u00edses e regi\u00f5es, a RISO tem conseguido satisfazer todas as necessidades dos usu\u00e1rios, ouvindo constantemente o feedback dos nossos clientes, a fim de melhorar continuamente os nossos produtos. A s\u00e9rie SF EII \u00e9 um marco significativo, al\u00e9m de ser uma obra-prima da incessante inova\u00e7\u00e3o da RISO. Com sua operabilidade superior, alta velocidade e excelente qualidade de impress\u00e3o, a s\u00e9rie SF EII leva voc\u00ea a uma dimens\u00e3o totalmente nova de impress\u00e3o.[\/vc_column_text][\/vc_column][vc_column width=&#8221;1\/2&#8243;][vc_single_image image=&#8221;27559&#8243; img_size=&#8221;full&#8221; qode_css_animation=&#8221;element_from_right&#8221; transition_delay=&#8221;.3&#8243;][\/vc_column][\/vc_row][vc_row css_animation=&#8221;&#8221; row_type=&#8221;row&#8221; use_row_as_full_screen_section=&#8221;no&#8221; type=&#8221;grid&#8221; angled_section=&#8221;no&#8221; text_align=&#8221;left&#8221; background_image_as_pattern=&#8221;without_pattern&#8221;][vc_column][vc_separator type=&#8221;normal&#8221; color=&#8221;#acacac&#8221; thickness=&#8221;1&#8243; up=&#8221;40&#8243; down=&#8221;45&#8243;][vc_row_inner row_type=&#8221;row&#8221; type=&#8221;full_width&#8221; text_align=&#8221;left&#8221; css_animation=&#8221;&#8221;][vc_column_inner width=&#8221;1\/3&#8243;][vc_single_image image=&#8221;27501&#8243; img_size=&#8221;full&#8221; alignment=&#8221;center&#8221; onclick=&#8221;custom_link&#8221; qode_css_animation=&#8221;&#8221; link=&#8221;\/pt-br\/produtos\/duplicadores-digitais\/serie-sfeii\/sf9450-eii\/&#8221;]<a id=\"product_button\" itemprop=\"url\" href=\"https:\/\/www.risolatin.com\/pt-br\/produtos-riso\/duplicadores-digitais\/serie-sfeii\/sf9450-eii\/\" target=\"_self\" data-hover-background-color='#5b3292' data-hover-color='#ffffff' class=\"qbutton  small center enlarge\" style=\"color: #000000; font-style: normal; font-weight: 800; background-color: #d8cde8;\">VER PRODUTO<i class=\"qode_icon_font_awesome fa fa-caret-right qode_button_icon_element\" style=\"color: #000000;\" ><\/i><\/a>[\/vc_column_inner][vc_column_inner width=&#8221;2\/3&#8243;][vc_column_text]<\/p>\n<h2>RISO SF9450 EIIU<\/h2>\n<p>[\/vc_column_text][vc_column_text]<img loading=\"lazy\" decoding=\"async\" class=\"alignnone wp-image-15088 size-full\" style=\"vertical-align: middle;\" src=\"https:\/\/www.risolatin.com\/wp-content\/uploads\/2016\/06\/icon-ppm.png\" alt=\"\" width=\"58\" height=\"40\" \/>Impress\u00e3o em Alta Velocidade de at\u00e9 150 ppm<\/p>\n<p><img loading=\"lazy\" decoding=\"async\" class=\"alignnone wp-image-19213 size-full\" style=\"vertical-align: middle;\" src=\"https:\/\/www.risolatin.com\/wp-content\/uploads\/2019\/08\/icon-paper-size.png\" alt=\"\" width=\"58\" height=\"40\" \/>Tamanho do Papel Ledger<\/p>\n<p><img loading=\"lazy\" decoding=\"async\" class=\"alignnone wp-image-16295 size-full\" style=\"vertical-align: middle;\" src=\"https:\/\/www.risolatin.com\/wp-content\/uploads\/2016\/09\/icons-hd.png\" alt=\"\" width=\"58\" height=\"40\" \/><span style=\"line-height: 1.5;\">Alta Resolu\u00e7\u00e3o 600 x 600 dpi<\/span>[\/vc_column_text][\/vc_column_inner][\/vc_row_inner][vc_separator type=&#8221;normal&#8221; color=&#8221;#acacac&#8221; thickness=&#8221;1&#8243; up=&#8221;40&#8243; down=&#8221;45&#8243;][vc_row_inner row_type=&#8221;row&#8221; type=&#8221;full_width&#8221; text_align=&#8221;left&#8221; css_animation=&#8221;&#8221;][vc_column_inner width=&#8221;1\/3&#8243;][vc_single_image image=&#8221;27497&#8243; img_size=&#8221;full&#8221; alignment=&#8221;center&#8221; onclick=&#8221;custom_link&#8221; qode_css_animation=&#8221;&#8221; link=&#8221;\/pt-br\/produtos\/duplicadores-digitais\/serie-sfeii\/sf5450-eii\/&#8221;]<a id=\"product_button\" itemprop=\"url\" href=\"https:\/\/www.risolatin.com\/pt-br\/produtos-riso\/duplicadores-digitais\/serie-sfeii\/sf5450-eii\/\" target=\"_self\" data-hover-background-color='#5b3292' data-hover-color='#ffffff' class=\"qbutton  small center enlarge\" style=\"color: #000000; font-style: normal; font-weight: 800; background-color: #d8cde8;\">VER PRODUTO<i class=\"qode_icon_font_awesome fa fa-caret-right qode_button_icon_element\" style=\"color: #000000;\" ><\/i><\/a>[\/vc_column_inner][vc_column_inner width=&#8221;2\/3&#8243;][vc_column_text]<\/p>\n<h2>RISO SF5450 EIIU<\/h2>\n<p>[\/vc_column_text][vc_column_text]<img loading=\"lazy\" decoding=\"async\" class=\"alignnone wp-image-15088 size-full\" style=\"vertical-align: middle;\" src=\"https:\/\/www.risolatin.com\/wp-content\/uploads\/2016\/06\/icon-ppm.png\" alt=\"\" width=\"58\" height=\"40\" \/>Impress\u00e3o em Alta Velocidade de at\u00e9 150 ppm<\/p>\n<p><img loading=\"lazy\" decoding=\"async\" class=\"alignnone wp-image-19213 size-full\" style=\"vertical-align: middle;\" src=\"https:\/\/www.risolatin.com\/wp-content\/uploads\/2019\/08\/icon-paper-size.png\" alt=\"\" width=\"58\" height=\"40\" \/>Tamanho do Papel Ledger<\/p>\n<p><img loading=\"lazy\" decoding=\"async\" class=\"alignnone wp-image-16295 size-full\" style=\"vertical-align: middle;\" src=\"https:\/\/www.risolatin.com\/wp-content\/uploads\/2016\/09\/icons-hd.png\" alt=\"\" width=\"58\" height=\"40\" \/><span style=\"line-height: 1.5;\">Alta Resolu\u00e7\u00e3o 300 x 600 dpi<\/span>[\/vc_column_text][\/vc_column_inner][\/vc_row_inner][vc_separator type=&#8221;normal&#8221; color=&#8221;#acacac&#8221; thickness=&#8221;1&#8243; up=&#8221;40&#8243; down=&#8221;45&#8243;][vc_row_inner row_type=&#8221;row&#8221; type=&#8221;full_width&#8221; text_align=&#8221;left&#8221; css_animation=&#8221;&#8221;][vc_column_inner width=&#8221;1\/3&#8243;][vc_single_image image=&#8221;28401&#8243; img_size=&#8221;full&#8221; alignment=&#8221;center&#8221; onclick=&#8221;custom_link&#8221; qode_css_animation=&#8221;&#8221; link=&#8221;\/pt-br\/produtos\/duplicadores-digitais\/serie-sfeii\/sf5430-eii\/&#8221;]<a id=\"product_button\" itemprop=\"url\" href=\"https:\/\/www.risolatin.com\/pt-br\/produtos-riso\/duplicadores-digitais\/serie-sfeii\/sf5430-eii\/\" target=\"_self\" data-hover-background-color='#5b3292' data-hover-color='#ffffff' class=\"qbutton  small center enlarge\" style=\"color: #000000; font-style: normal; font-weight: 800; background-color: #d8cde8;\">VER PRODUTO<i class=\"qode_icon_font_awesome fa fa-caret-right qode_button_icon_element\" style=\"color: #000000;\" ><\/i><\/a>[\/vc_column_inner][vc_column_inner width=&#8221;2\/3&#8243;][vc_column_text]<\/p>\n<h2>RISO SF5430 EIIU<\/h2>\n<p>[\/vc_column_text][vc_column_text]<img loading=\"lazy\" decoding=\"async\" class=\"alignnone wp-image-15088 size-full\" style=\"vertical-align: middle;\" src=\"https:\/\/www.risolatin.com\/wp-content\/uploads\/2016\/06\/icon-ppm.png\" alt=\"\" width=\"58\" height=\"40\" \/>Impress\u00e3o em Alta Velocidade de at\u00e9 130 ppm<\/p>\n<p><img loading=\"lazy\" decoding=\"async\" class=\"alignnone wp-image-19213 size-full\" style=\"vertical-align: middle;\" src=\"https:\/\/www.risolatin.com\/wp-content\/uploads\/2019\/08\/icon-paper-size.png\" alt=\"\" width=\"58\" height=\"40\" \/>Tamanho do Papel Ledger<\/p>\n<p><img loading=\"lazy\" decoding=\"async\" class=\"alignnone wp-image-16295 size-full\" style=\"vertical-align: middle;\" src=\"https:\/\/www.risolatin.com\/wp-content\/uploads\/2016\/09\/icons-hd.png\" alt=\"\" width=\"58\" height=\"40\" \/><span style=\"line-height: 1.5;\">Alta Resolu\u00e7\u00e3o 300 x 600 dpi<\/span>[\/vc_column_text][\/vc_column_inner][\/vc_row_inner][vc_separator type=&#8221;normal&#8221; color=&#8221;#acacac&#8221; thickness=&#8221;1&#8243; up=&#8221;40&#8243; down=&#8221;45&#8243;][vc_row_inner row_type=&#8221;row&#8221; type=&#8221;full_width&#8221; text_align=&#8221;left&#8221; css_animation=&#8221;&#8221;][vc_column_inner width=&#8221;1\/3&#8243;][vc_single_image image=&#8221;28411&#8243; img_size=&#8221;full&#8221; alignment=&#8221;center&#8221; onclick=&#8221;custom_link&#8221; qode_css_animation=&#8221;&#8221; link=&#8221;\/pt-br\/produtos\/duplicadores-digitais\/serie-sfeii\/sf5230-eii\/&#8221;]<a id=\"product_button\" itemprop=\"url\" href=\"https:\/\/www.risolatin.com\/pt-br\/produtos-riso\/duplicadores-digitais\/serie-sfeii\/sf5230-eii\/\" target=\"_self\" data-hover-background-color='#5b3292' data-hover-color='#ffffff' class=\"qbutton  small center enlarge\" style=\"color: #000000; font-style: normal; font-weight: 800; background-color: #d8cde8;\">VER PRODUTO<i class=\"qode_icon_font_awesome fa fa-caret-right qode_button_icon_element\" style=\"color: #000000;\" ><\/i><\/a>[\/vc_column_inner][vc_column_inner width=&#8221;2\/3&#8243;][vc_column_text]<\/p>\n<h2>RISO SF5230 EIIU<\/h2>\n<p>[\/vc_column_text][vc_column_text]<img loading=\"lazy\" decoding=\"async\" class=\"alignnone wp-image-15088 size-full\" style=\"vertical-align: middle;\" src=\"https:\/\/www.risolatin.com\/wp-content\/uploads\/2016\/06\/icon-ppm.png\" alt=\"\" width=\"58\" height=\"40\" \/>At\u00e9 130 ppm<\/p>\n<p><img loading=\"lazy\" decoding=\"async\" class=\"alignnone wp-image-19213 size-full\" style=\"vertical-align: middle;\" src=\"https:\/\/www.risolatin.com\/wp-content\/uploads\/2019\/08\/icon-paper-size.png\" alt=\"\" width=\"58\" height=\"40\" \/>Tamanho do Papel B4<\/p>\n<p><img loading=\"lazy\" decoding=\"async\" class=\"alignnone wp-image-16295 size-full\" style=\"vertical-align: middle;\" src=\"https:\/\/www.risolatin.com\/wp-content\/uploads\/2016\/09\/icons-hd.png\" alt=\"\" width=\"58\" height=\"40\" \/><span style=\"line-height: 1.5;\">Alta Resolu\u00e7\u00e3o 300 x 600 dpi<\/span>[\/vc_column_text][\/vc_column_inner][\/vc_row_inner][vc_separator type=&#8221;normal&#8221; color=&#8221;#acacac&#8221; thickness=&#8221;1&#8243; up=&#8221;40&#8243; down=&#8221;45&#8243;][vc_row_inner row_type=&#8221;row&#8221; type=&#8221;full_width&#8221; text_align=&#8221;left&#8221; css_animation=&#8221;&#8221;][vc_column_inner width=&#8221;1\/3&#8243;][vc_single_image image=&#8221;27489&#8243; img_size=&#8221;full&#8221; alignment=&#8221;center&#8221; onclick=&#8221;custom_link&#8221; qode_css_animation=&#8221;&#8221; link=&#8221;\/pt-br\/produtos\/duplicadores-digitais\/serie-sfeii\/sf5130-eii\/&#8221;]<a id=\"product_button\" itemprop=\"url\" href=\"https:\/\/www.risolatin.com\/pt-br\/produtos-riso\/duplicadores-digitais\/serie-sfeii\/sf5130-eii\/\" target=\"_self\" data-hover-background-color='#5b3292' data-hover-color='#ffffff' class=\"qbutton  small center enlarge\" style=\"color: #000000; font-style: normal; font-weight: 800; background-color: #d8cde8;\">VER PRODUTO<i class=\"qode_icon_font_awesome fa fa-caret-right qode_button_icon_element\" style=\"color: #000000;\" ><\/i><\/a>[\/vc_column_inner][vc_column_inner width=&#8221;2\/3&#8243;][vc_column_text]<\/p>\n<h2>RISO SF5130 EIIU<\/h2>\n<p>[\/vc_column_text][vc_column_text]<img loading=\"lazy\" decoding=\"async\" class=\"alignnone wp-image-15088 size-full\" style=\"vertical-align: middle;\" src=\"https:\/\/www.risolatin.com\/wp-content\/uploads\/2016\/06\/icon-ppm.png\" alt=\"\" width=\"58\" height=\"40\" \/>At\u00e9 130 ppm<\/p>\n<p><img loading=\"lazy\" decoding=\"async\" class=\"alignnone wp-image-19213 size-full\" style=\"vertical-align: middle;\" src=\"https:\/\/www.risolatin.com\/wp-content\/uploads\/2019\/08\/icon-paper-size.png\" alt=\"\" width=\"58\" height=\"40\" \/>Tamanho do Papel Legal<\/p>\n<p><img loading=\"lazy\" decoding=\"async\" class=\"alignnone wp-image-16295 size-full\" style=\"vertical-align: middle;\" src=\"https:\/\/www.risolatin.com\/wp-content\/uploads\/2016\/09\/icons-hd.png\" alt=\"\" width=\"58\" height=\"40\" \/><span style=\"line-height: 1.5;\">Alta Resolu\u00e7\u00e3o 300 x 600 dpi<\/span>[\/vc_column_text][\/vc_column_inner][\/vc_row_inner][vc_separator type=&#8221;normal&#8221; color=&#8221;#acacac&#8221; thickness=&#8221;1&#8243; up=&#8221;40&#8243; down=&#8221;45&#8243;][vc_row_inner row_type=&#8221;row&#8221; type=&#8221;full_width&#8221; text_align=&#8221;left&#8221; css_animation=&#8221;&#8221;][vc_column_inner width=&#8221;1\/3&#8243;][vc_single_image image=&#8221;28377&#8243; img_size=&#8221;full&#8221; alignment=&#8221;center&#8221; onclick=&#8221;custom_link&#8221; qode_css_animation=&#8221;&#8221; link=&#8221;\/pt-br\/produtos\/duplicadores-digitais\/serie-cv\/cv3230\/&#8221;]<a id=\"product_button\" itemprop=\"url\" href=\"https:\/\/www.risolatin.com\/pt-br\/produtos-riso\/duplicadores-digitais\/serie-cv\/cv3230\/\" target=\"_self\" data-hover-background-color='#5b3292' data-hover-color='#ffffff' class=\"qbutton  small center enlarge\" style=\"color: #000000; font-style: normal; font-weight: 800; background-color: #d8cde8;\">VER PRODUTO<i class=\"qode_icon_font_awesome fa fa-caret-right qode_button_icon_element\" style=\"color: #000000;\" ><\/i><\/a>[\/vc_column_inner][vc_column_inner width=&#8221;2\/3&#8243;][vc_column_text]<\/p>\n<h2>CV3230<\/h2>\n<p>[\/vc_column_text][vc_column_text]<img loading=\"lazy\" decoding=\"async\" class=\"alignnone wp-image-15088 size-full\" style=\"vertical-align: middle;\" src=\"https:\/\/www.risolatin.com\/wp-content\/uploads\/2016\/06\/icon-ppm.png\" alt=\"\" width=\"58\" height=\"40\" \/>At\u00e9 130 ppm<\/p>\n<p><img loading=\"lazy\" decoding=\"async\" class=\"alignnone wp-image-19213 size-full\" style=\"vertical-align: middle;\" src=\"https:\/\/www.risolatin.com\/wp-content\/uploads\/2019\/08\/icon-paper-size.png\" alt=\"\" width=\"58\" height=\"40\" \/>Tamanho do Papel B4<\/p>\n<p><img loading=\"lazy\" decoding=\"async\" class=\"alignnone wp-image-16295 size-full\" style=\"vertical-align: middle;\" src=\"https:\/\/www.risolatin.com\/wp-content\/uploads\/2016\/09\/icons-hd.png\" alt=\"\" width=\"58\" height=\"40\" \/><span style=\"line-height: 1.5;\">Alta Resolu\u00e7\u00e3o 300 x 600 dpi<\/span>[\/vc_column_text][\/vc_column_inner][\/vc_row_inner][vc_separator type=&#8221;normal&#8221; color=&#8221;#acacac&#8221; thickness=&#8221;1&#8243; up=&#8221;40&#8243; down=&#8221;45&#8243;][vc_row_inner row_type=&#8221;row&#8221; type=&#8221;full_width&#8221; text_align=&#8221;left&#8221; css_animation=&#8221;&#8221;][vc_column_inner width=&#8221;1\/3&#8243;][vc_single_image image=&#8221;28379&#8243; img_size=&#8221;full&#8221; alignment=&#8221;center&#8221; onclick=&#8221;custom_link&#8221; qode_css_animation=&#8221;&#8221; link=&#8221;\/pt-br\/produtos\/duplicadores-digitais\/serie-cv\/cv1200\/&#8221;]<a id=\"product_button\" itemprop=\"url\" href=\"https:\/\/www.risolatin.com\/pt-br\/produtos-riso\/duplicadores-digitais\/serie-cv\/cv1200\/\" target=\"_self\" data-hover-background-color='#5b3292' data-hover-color='#ffffff' class=\"qbutton  small center enlarge\" style=\"color: #000000; font-style: normal; font-weight: 800; background-color: #d8cde8;\">VER PRODUTO<i class=\"qode_icon_font_awesome fa fa-caret-right qode_button_icon_element\" style=\"color: #000000;\" ><\/i><\/a>[\/vc_column_inner][vc_column_inner width=&#8221;2\/3&#8243;][vc_column_text]<\/p>\n<h2>CV1200<\/h2>\n<p>[\/vc_column_text][vc_column_text]<img loading=\"lazy\" decoding=\"async\" class=\"alignnone wp-image-15088 size-full\" style=\"vertical-align: middle;\" src=\"https:\/\/www.risolatin.com\/wp-content\/uploads\/2016\/06\/icon-ppm.png\" alt=\"\" width=\"58\" height=\"40\" \/>At\u00e9 100 ppm<\/p>\n<p><img loading=\"lazy\" decoding=\"async\" class=\"alignnone wp-image-19213 size-full\" style=\"vertical-align: middle;\" src=\"https:\/\/www.risolatin.com\/wp-content\/uploads\/2019\/08\/icon-paper-size.png\" alt=\"\" width=\"58\" height=\"40\" \/>Tamanho do Papel B4<\/p>\n<p><img loading=\"lazy\" decoding=\"async\" class=\"alignnone wp-image-16295 size-full\" style=\"vertical-align: middle;\" src=\"https:\/\/www.risolatin.com\/wp-content\/uploads\/2016\/09\/icons-hd.png\" alt=\"\" width=\"58\" height=\"40\" \/><span style=\"line-height: 1.5;\">Alta Resolu\u00e7\u00e3o 300 x 300 dpi<\/span>[\/vc_column_text][\/vc_column_inner][\/vc_row_inner][vc_separator type=&#8221;normal&#8221; color=&#8221;#acacac&#8221; thickness=&#8221;1&#8243; up=&#8221;40&#8243; down=&#8221;45&#8243;][\/vc_column][\/vc_row][vc_row css_animation=&#8221;&#8221; row_type=&#8221;row&#8221; use_row_as_full_screen_section=&#8221;no&#8221; type=&#8221;grid&#8221; angled_section=&#8221;no&#8221; text_align=&#8221;left&#8221; background_image_as_pattern=&#8221;without_pattern&#8221; background_color=&#8221;#5b3292&#8243; border_color=&#8221;#ffffff&#8221; padding_top=&#8221;40&#8243; padding_bottom=&#8221;40&#8243; css=&#8221;.vc_custom_1466709243667{margin-top: 100px !important;}&#8221;][vc_column width=&#8221;3\/4&#8243;][vc_column_text]<\/p>\n<h1 style=\"color: #ffffff;\">N\u00e3o Tem Certeza de Qual RISO \u00e9 Ideal Para Voc\u00ea?<\/h1>\n<h3 style=\"color: #ffffff;\">Baixe Nossa Tabela de Compara\u00e7\u00e3o de Duplicadores Digitais<\/h3>\n<p>[\/vc_column_text][\/vc_column][vc_column width=&#8221;1\/4&#8243;]<a  itemprop=\"url\" href=\"\/wp-content\/uploads\/2023\/12\/Comparison-Chart-DD-Sep23.pdf\" target=\"_blank\"  class=\"qbutton  medium white default\" style=\"\">VER TABELA<i class=\"qode_icon_font_awesome fa fa-caret-right qode_button_icon_element\" style=\"\" ><\/i><\/a>[\/vc_column][\/vc_row]<\/p>\n","protected":false},"excerpt":{"rendered":"<p>[vc_row css_animation=&#8221;&#8221; row_type=&#8221;row&#8221; use_row_as_full_screen_section=&#8221;no&#8221; type=&#8221;full_width&#8221; angled_section=&#8221;no&#8221; text_align=&#8221;left&#8221; background_image_as_pattern=&#8221;without_pattern&#8221; background_image=&#8221;20902&#8243; side_padding=&#8221;8&#8243; padding_top=&#8221;165&#8243; padding_bottom=&#8221;25&#8243; z_index=&#8221;&#8221;][vc_column width=&#8221;1\/4&#8243;][vc_column_text css=&#8221;.vc_custom_1631030217404{padding-top: 40px !important;}&#8221;] Duplicadores Digitais [\/vc_column_text][\/vc_column][vc_column width=&#8221;1\/4&#8243;][\/vc_column][vc_column width=&#8221;1\/4&#8243;][\/vc_column][vc_column width=&#8221;1\/4&#8243;][vc_single_image image=&#8221;29238&#8243; img_size=&#8221;full&#8221; qode_css_animation=&#8221;&#8221;][\/vc_column][\/vc_row][vc_row css_animation=&#8221;&#8221; row_type=&#8221;row&#8221; use_row_as_full_screen_section=&#8221;no&#8221; type=&#8221;grid&#8221; angled_section=&#8221;no&#8221; text_align=&#8221;left&#8221; background_image_as_pattern=&#8221;without_pattern&#8221; padding_top=&#8221;75&#8243; padding_bottom=&#8221;80&#8243;][vc_column width=&#8221;1\/2&#8243;][vc_column_text css=&#8221;.vc_custom_1565293490510{margin-bottom: 15px !important;}&#8221;] S\u00e9rie RISO SF EII Duplicadores Digitais&#8230;<\/p>\n","protected":false},"author":1,"featured_media":0,"parent":28564,"menu_order":4,"comment_status":"closed","ping_status":"closed","template":"full_width.php","meta":{"_uf_show_specific_survey":0,"_uf_disable_surveys":false,"footnotes":""},"class_list":["post-29155","page","type-page","status-publish","hentry"],"_links":{"self":[{"href":"https:\/\/www.risolatin.com\/pt-br\/wp-json\/wp\/v2\/pages\/29155","targetHints":{"allow":["GET"]}}],"collection":[{"href":"https:\/\/www.risolatin.com\/pt-br\/wp-json\/wp\/v2\/pages"}],"about":[{"href":"https:\/\/www.risolatin.com\/pt-br\/wp-json\/wp\/v2\/types\/page"}],"author":[{"embeddable":true,"href":"https:\/\/www.risolatin.com\/pt-br\/wp-json\/wp\/v2\/users\/1"}],"replies":[{"embeddable":true,"href":"https:\/\/www.risolatin.com\/pt-br\/wp-json\/wp\/v2\/comments?post=29155"}],"version-history":[{"count":0,"href":"https:\/\/www.risolatin.com\/pt-br\/wp-json\/wp\/v2\/pages\/29155\/revisions"}],"up":[{"embeddable":true,"href":"https:\/\/www.risolatin.com\/pt-br\/wp-json\/wp\/v2\/pages\/28564"}],"wp:attachment":[{"href":"https:\/\/www.risolatin.com\/pt-br\/wp-json\/wp\/v2\/media?parent=29155"}],"curies":[{"name":"wp","href":"https:\/\/api.w.org\/{rel}","templated":true}]}}