{"id":29270,"date":"2016-06-17T14:59:12","date_gmt":"2016-06-17T14:59:12","guid":{"rendered":"https:\/\/risolatin.wpengine.com\/sobre\/"},"modified":"2024-01-19T15:27:44","modified_gmt":"2024-01-19T15:27:44","slug":"sobre","status":"publish","type":"page","link":"https:\/\/www.risolatin.com\/pt-br\/sobre\/","title":{"rendered":"Sobre"},"content":{"rendered":"<p>[vc_row css_animation=&#8221;&#8221; row_type=&#8221;row&#8221; use_row_as_full_screen_section=&#8221;no&#8221; type=&#8221;full_width&#8221; angled_section=&#8221;no&#8221; text_align=&#8221;center&#8221; background_image_as_pattern=&#8221;without_pattern&#8221; padding_top=&#8221;165&#8243; padding_bottom=&#8221;20&#8243; z_index=&#8221;&#8221; background_image=&#8221;15172&#8243;][vc_column][vc_column_text]<\/p>\n<h1 style=\"text-align: center;\">Sobre a RISO<\/h1>\n<p>[\/vc_column_text][\/vc_column][\/vc_row][vc_row css_animation=&#8221;&#8221; row_type=&#8221;row&#8221; use_row_as_full_screen_section=&#8221;no&#8221; type=&#8221;grid&#8221; angled_section=&#8221;no&#8221; text_align=&#8221;left&#8221; background_image_as_pattern=&#8221;without_pattern&#8221; css=&#8221;.vc_custom_1466714811009{margin-top: 80px !important;margin-bottom: 80px !important;}&#8221;][vc_column width=&#8221;1\/3&#8243;][vc_single_image image=&#8221;26825&#8243; img_size=&#8221;full&#8221; qode_css_animation=&#8221;element_from_left&#8221; transition_delay=&#8221;.3&#8243;][\/vc_column][vc_column width=&#8221;2\/3&#8243;][vc_column_text]<\/p>\n<h2>RISO significa &#8220;ideal&#8221;<\/h2>\n<h4>(E n\u00f3s realmente queremos dizer isso.)<\/h4>\n<p>O fundador da RISO, Noboru Hayama, escolheu o nome da sua empresa por um bom motivo. \u00c9 japon\u00eas para \u201cideal\u201d.<\/p>\n<p>A RISO esfor\u00e7a-se por criar novas tecnologias fundamentalmente \u00fanicas na comunica\u00e7\u00e3o baseada em papel atrav\u00e9s de uma abordagem que enfatiza a produtividade, a conten\u00e7\u00e3o de custos e a versatilidade. Cada produto que fabricamos possui esses benef\u00edcios em equil\u00edbrio, oferecendo as solu\u00e7\u00f5es ideais para nossos clientes.<\/p>\n<p>Ao mesmo tempo, a RISO mant\u00e9m uma tradi\u00e7\u00e3o de cuidar do mundo em geral atrav\u00e9s dos nossos programas ambientais e de apoio comunit\u00e1rio. Assim como estamos comprometidos em fornecer produtos e servi\u00e7os ideais, nos esfor\u00e7amos para sermos um cidad\u00e3o corporativo ideal em todos os pa\u00edses onde conduzimos neg\u00f3cios.<\/p>\n<p><a href=\"https:\/\/www.youtube.com\/watch?v=RQw15-URcZo#action=share\">Clique aqui para ver um v\u00eddeo curto sobre a hist\u00f3ria da nossa empresa.<\/a>[\/vc_column_text][\/vc_column][\/vc_row][vc_row css_animation=&#8221;&#8221; row_type=&#8221;row&#8221; use_row_as_full_screen_section=&#8221;no&#8221; type=&#8221;grid&#8221; angled_section=&#8221;no&#8221; text_align=&#8221;left&#8221; background_image_as_pattern=&#8221;without_pattern&#8221; css=&#8221;.vc_custom_1466714822315{margin-top: 80px !important;margin-bottom: 80px !important;}&#8221;][vc_column width=&#8221;2\/3&#8243;][vc_column_text]<\/p>\n<h2>O L\u00edder Global em Tecnologia de Duplica\u00e7\u00e3o Digital<\/h2>\n<p>A tradi\u00e7\u00e3o de inova\u00e7\u00e3o da RISO, tanto em tecnologia como em servi\u00e7os, continua a alimentar a expans\u00e3o da nossa linha de produtos e da nossa base de clientes fi\u00e9is.<\/p>\n<p>Desde que a RISO foi fundada em T\u00f3quio em 1954, a nossa empresa tem prosperado com base na criatividade. A RISO tem desenvolvido repetidamente as melhores solu\u00e7\u00f5es do mundo para uma variedade de setores especializados em impress\u00e3o e duplica\u00e7\u00e3o de documentos. Ainda somos l\u00edderes mundiais em tecnologia de duplica\u00e7\u00e3o digital e estamos construindo rapidamente nossa participa\u00e7\u00e3o no mercado de solu\u00e7\u00f5es de impress\u00e3o digital a laser e jato de tinta para empresas. Os produtos RISO s\u00e3o agora vendidos em mais de 150 pa\u00edses.<\/p>\n<p>Voc\u00ea encontrar\u00e1 nossas solu\u00e7\u00f5es nos ambientes de neg\u00f3cios mais exigentes em todo o mundo.[\/vc_column_text][\/vc_column][vc_column width=&#8221;1\/3&#8243;][vc_single_image image=&#8221;26827&#8243; img_size=&#8221;full&#8221; qode_css_animation=&#8221;element_from_right&#8221; transition_delay=&#8221;1&#8243;][\/vc_column][\/vc_row][vc_row css_animation=&#8221;&#8221; row_type=&#8221;row&#8221; use_row_as_full_screen_section=&#8221;no&#8221; type=&#8221;full_width&#8221; angled_section=&#8221;no&#8221; text_align=&#8221;left&#8221; background_image_as_pattern=&#8221;without_pattern&#8221; css=&#8221;.vc_custom_1466712991479{margin-bottom: -20px !important;}&#8221;][vc_column][vc_separator type=&#8221;normal&#8221; color=&#8221;#5b3292&#8243; thickness=&#8221;25&#8243; up=&#8221;80&#8243;][\/vc_column][\/vc_row][vc_row css_animation=&#8221;&#8221; row_type=&#8221;row&#8221; use_row_as_full_screen_section=&#8221;no&#8221; type=&#8221;grid&#8221; angled_section=&#8221;no&#8221; text_align=&#8221;left&#8221; background_image_as_pattern=&#8221;without_pattern&#8221; background_color=&#8221;#eeeeee&#8221; padding_top=&#8221;50&#8243; padding_bottom=&#8221;50&#8243;][vc_column width=&#8221;1\/4&#8243;]<div class=\"q_icon_list\"><i class=\"qode_icon_font_awesome fa fa-spinner qode-ili-icon-holder transparent\" style=\"color: #5b3292;\" ><\/i><p style=\"color:#5b3292;font-size: 23px;\">Princ\u00edpios para o Progresso<\/p><\/div>[vc_column_text]Estamos comprometidos em agir de acordo e tomar para si o seguinte conjunto de princ\u00edpios de funcionamento. Fazemos isso acreditando que \u00e9 melhor para o interesse de nossos clientes, de nossa empresa, e de n\u00f3s mesmos.[\/vc_column_text][\/vc_column][vc_column width=&#8221;1\/4&#8243;]<div class=\"q_icon_list\"><i class=\"qode_icon_font_awesome fa fa-smile-o qode-ili-icon-holder transparent\" style=\"color: #5b3292;\" ><\/i><p style=\"color:#5b3292;font-size: 23px;\">Satisfa\u00e7\u00e3o dos Clientes<\/p><\/div>[vc_column_text]A satisfa\u00e7\u00e3o do cliente \u00e9 a pedra fundamental do sucesso de nossa empresa. Cada um de n\u00f3s \u00e9 um embaixador da RISO e sempre nos comunicaremos positivamente dentro e fora de nosso local de trabalho. Os problemas de nossos clientes s\u00e3o nossos problemas e asseguramos que ser\u00e3o resolvidos de maneira satisfat\u00f3ria.[\/vc_column_text][\/vc_column][vc_column width=&#8221;1\/4&#8243;]<div class=\"q_icon_list\"><i class=\"qode_icon_font_awesome fa fa-check-square-o qode-ili-icon-holder transparent\" style=\"color: #5b3292;\" ><\/i><p style=\"color:#5b3292;font-size: 23px;\">Responsabilidade<\/p><\/div>[vc_column_text]Tudo o que dizemos que vamos fazer, n\u00f3s fazemos. Incorporamos para n\u00f3s mesmos o apoio e o acompanhamento atrav\u00e9s dos objetivos da empresa, bem como aceitamos a responsabilidade por nossas a\u00e7\u00f5es, sem atribui\u00e7\u00e3o de culpa.[\/vc_column_text][\/vc_column][vc_column width=&#8221;1\/4&#8243;]<div class=\"q_icon_list\"><i class=\"qode_icon_font_awesome fa fa-hand-paper-o qode-ili-icon-holder transparent\" style=\"color: #5b3292;\" ><\/i><p style=\"color:#5b3292;font-size: 23px;\">Integridade<\/p><\/div>[vc_column_text]Agimos com honestidade e com o maior grau de integridade com nossos clientes e com os outros. Nossas decis\u00f5es e a\u00e7\u00f5es sempre refletem as pr\u00e1ticas \u00e9ticas e atendem melhor os interesses da empresa e de nossos clientes.[\/vc_column_text][\/vc_column][\/vc_row][vc_row css_animation=&#8221;&#8221; row_type=&#8221;row&#8221; use_row_as_full_screen_section=&#8221;no&#8221; type=&#8221;grid&#8221; angled_section=&#8221;no&#8221; text_align=&#8221;left&#8221; background_image_as_pattern=&#8221;without_pattern&#8221; background_color=&#8221;#eeeeee&#8221; padding_top=&#8221;50&#8243; padding_bottom=&#8221;50&#8243;][vc_column width=&#8221;1\/4&#8243;]<div class=\"q_icon_list\"><i class=\"qode_icon_font_awesome fa fa-expand qode-ili-icon-holder transparent\" style=\"color: #5b3292;\" ><\/i><p style=\"color:#5b3292;font-size: 23px;\">Capacidade de Resposta<\/p><\/div>[vc_column_text]Agiremos com honestidade e com o mais alto grau de integridade com nossos clientes e com os outros. Nossas decis\u00f5es e a\u00e7\u00f5es sempre refletir\u00e3o as pr\u00e1ticas \u00e9ticas e atender\u00e3o aos melhores interesses da empresa e de nossos clientes.[\/vc_column_text][\/vc_column][vc_column width=&#8221;1\/4&#8243;]<div class=\"q_icon_list\"><i class=\"qode_icon_font_awesome fa fa-cog qode-ili-icon-holder transparent\" style=\"color: #5b3292;\" ><\/i><p style=\"color:#5b3292;font-size: 23px;\">Aceita\u00e7\u00e3o de Mudan\u00e7as<\/p><\/div>[vc_column_text]N\u00f3s aceitamos as mudan\u00e7as prontamente e identificamos pronta e continuamente as oportunidades de melhorias. O mercado \u00e9 a for\u00e7a motriz por tr\u00e1s das estrat\u00e9gias e objetivos da empresa.[\/vc_column_text][\/vc_column][vc_column width=&#8221;1\/4&#8243;]<div class=\"q_icon_list\"><i class=\"qode_icon_font_awesome fa fa-product-hunt qode-ili-icon-holder transparent\" style=\"color: #5b3292;\" ><\/i><p style=\"color:#5b3292;font-size: 23px;\">Valor atrav\u00e9s das Vendas<\/p><\/div>[vc_column_text]Nosso sucesso \u00e9 alcan\u00e7ado atrav\u00e9s da venda de nossos produtos. Todas as nossas a\u00e7\u00f5es coletivas e pr\u00e1ticas destinam-se a trazer valor para nossos clientes atrav\u00e9s da correspond\u00eancia adequada de nossos produtos e servi\u00e7os com as necessidades do cliente para melhorar a produtividade, versatilidade e controle de custos.[\/vc_column_text][\/vc_column][vc_column width=&#8221;1\/4&#8243;][\/vc_column][\/vc_row]<\/p>\n","protected":false},"excerpt":{"rendered":"<p>[vc_row css_animation=&#8221;&#8221; row_type=&#8221;row&#8221; use_row_as_full_screen_section=&#8221;no&#8221; type=&#8221;full_width&#8221; angled_section=&#8221;no&#8221; text_align=&#8221;center&#8221; background_image_as_pattern=&#8221;without_pattern&#8221; padding_top=&#8221;165&#8243; padding_bottom=&#8221;20&#8243; z_index=&#8221;&#8221; background_image=&#8221;15172&#8243;][vc_column][vc_column_text] Sobre a RISO [\/vc_column_text][\/vc_column][\/vc_row][vc_row css_animation=&#8221;&#8221; row_type=&#8221;row&#8221; use_row_as_full_screen_section=&#8221;no&#8221; type=&#8221;grid&#8221; angled_section=&#8221;no&#8221; text_align=&#8221;left&#8221; background_image_as_pattern=&#8221;without_pattern&#8221; css=&#8221;.vc_custom_1466714811009{margin-top: 80px !important;margin-bottom: 80px !important;}&#8221;][vc_column width=&#8221;1\/3&#8243;][vc_single_image image=&#8221;26825&#8243; img_size=&#8221;full&#8221; qode_css_animation=&#8221;element_from_left&#8221; transition_delay=&#8221;.3&#8243;][\/vc_column][vc_column width=&#8221;2\/3&#8243;][vc_column_text] RISO significa &#8220;ideal&#8221; (E n\u00f3s realmente queremos dizer isso.) O fundador&#8230;<\/p>\n","protected":false},"author":1,"featured_media":0,"parent":0,"menu_order":2,"comment_status":"closed","ping_status":"closed","template":"full_width.php","meta":{"_uf_show_specific_survey":0,"_uf_disable_surveys":false,"footnotes":""},"class_list":["post-29270","page","type-page","status-publish","hentry"],"_links":{"self":[{"href":"https:\/\/www.risolatin.com\/pt-br\/wp-json\/wp\/v2\/pages\/29270","targetHints":{"allow":["GET"]}}],"collection":[{"href":"https:\/\/www.risolatin.com\/pt-br\/wp-json\/wp\/v2\/pages"}],"about":[{"href":"https:\/\/www.risolatin.com\/pt-br\/wp-json\/wp\/v2\/types\/page"}],"author":[{"embeddable":true,"href":"https:\/\/www.risolatin.com\/pt-br\/wp-json\/wp\/v2\/users\/1"}],"replies":[{"embeddable":true,"href":"https:\/\/www.risolatin.com\/pt-br\/wp-json\/wp\/v2\/comments?post=29270"}],"version-history":[{"count":0,"href":"https:\/\/www.risolatin.com\/pt-br\/wp-json\/wp\/v2\/pages\/29270\/revisions"}],"wp:attachment":[{"href":"https:\/\/www.risolatin.com\/pt-br\/wp-json\/wp\/v2\/media?parent=29270"}],"curies":[{"name":"wp","href":"https:\/\/api.w.org\/{rel}","templated":true}]}}