{"id":30113,"date":"2024-05-08T21:07:42","date_gmt":"2024-05-08T21:07:42","guid":{"rendered":"https:\/\/www.risolatin.com\/?page_id=30113"},"modified":"2024-08-12T15:44:00","modified_gmt":"2024-08-12T15:44:00","slug":"recursos-2","status":"publish","type":"page","link":"https:\/\/www.risolatin.com\/pt-br\/impressoras-jato-de-tinta-riso\/recursos-2\/","title":{"rendered":"RECURSOS"},"content":{"rendered":"<p>[vc_row css_animation=&#8221;&#8221; row_type=&#8221;row&#8221; use_row_as_full_screen_section=&#8221;no&#8221; type=&#8221;grid&#8221; angled_section=&#8221;no&#8221; text_align=&#8221;left&#8221; background_image_as_pattern=&#8221;without_pattern&#8221; background_image=&#8221;15629&#8243; padding_top=&#8221;60&#8243; padding_bottom=&#8221;60&#8243; z_index=&#8221;&#8221;][vc_column width=&#8221;1\/6&#8243;][vc_empty_space][\/vc_column][vc_column width=&#8221;2\/3&#8243;][vc_empty_space][vc_column_text]<\/p>\n<h1 style=\"color: #ffffff; text-align: center;\"><span style=\"color: #ffffff; font-size: 50px; line-height: 65px; text-shadow: 1px 2px 5px #00000075;\">RECURSOS<\/span><\/h1>\n<p>[\/vc_column_text][\/vc_column][vc_column width=&#8221;1\/6&#8243;][vc_empty_space][\/vc_column][\/vc_row][vc_row css_animation=&#8221;&#8221; row_type=&#8221;row&#8221; use_row_as_full_screen_section=&#8221;no&#8221; type=&#8221;full_width&#8221; angled_section=&#8221;no&#8221; text_align=&#8221;left&#8221; background_image_as_pattern=&#8221;without_pattern&#8221;][vc_column][vc_empty_space height=&#8221;60px&#8221;][vc_column_text]<\/p>\n<p style=\"text-align: center;\"><span style=\"color: #000000; font-size: 20px;\">Encontre os recursos que voc\u00ea precisa para otimizar sua experi\u00eancia e obter o m\u00e1ximo desempenho de nossos produtos.<\/span><\/p>\n<p>[\/vc_column_text][vc_empty_space height=&#8221;60px&#8221;][\/vc_column][\/vc_row][vc_row css_animation=&#8221;&#8221; row_type=&#8221;row&#8221; use_row_as_full_screen_section=&#8221;no&#8221; type=&#8221;full_width&#8221; angled_section=&#8221;no&#8221; text_align=&#8221;left&#8221; background_image_as_pattern=&#8221;without_pattern&#8221;][vc_column width=&#8221;1\/12&#8243;][\/vc_column][vc_column width=&#8221;1\/12&#8243;][\/vc_column][vc_column width=&#8221;1\/12&#8243;][vc_single_image image=&#8221;30081&#8243; img_size=&#8221;200x200px&#8221; alignment=&#8221;center&#8221; style=&#8221;vc_box_shadow_border_circle&#8221; onclick=&#8221;custom_link&#8221; qode_css_animation=&#8221;&#8221; qode_hover_animation=&#8221;darken&#8221; link=&#8221;https:\/\/portal.risolatin.com\/?whence=&#8221;][\/vc_column][vc_column width=&#8221;1\/12&#8243;][vc_single_image image=&#8221;30048&#8243; img_size=&#8221;200x200px&#8221; alignment=&#8221;center&#8221; style=&#8221;vc_box_shadow_border_circle&#8221; onclick=&#8221;custom_link&#8221; qode_css_animation=&#8221;&#8221; qode_hover_animation=&#8221;darken&#8221; link=&#8221;https:\/\/www.risolatin.com\/pt-br\/calculadora-de-cores\/&#8221;][\/vc_column][vc_column width=&#8221;1\/12&#8243;][vc_single_image image=&#8221;30600&#8243; style=&#8221;vc_box_shadow_border_circle_2&#8243; onclick=&#8221;custom_link&#8221; qode_css_animation=&#8221;&#8221; qode_hover_animation=&#8221;darken&#8221; link=&#8221;https:\/\/www.risolatin.com\/pt-br\/calculadora-de-economia-de-tempo\/&#8221;][\/vc_column][vc_column width=&#8221;1\/12&#8243;][vc_single_image image=&#8221;30651&#8243; img_size=&#8221;200x200px&#8221; style=&#8221;vc_box_shadow_border_circle_2&#8243; onclick=&#8221;custom_link&#8221; qode_css_animation=&#8221;&#8221; qode_hover_animation=&#8221;darken&#8221; link=&#8221;https:\/\/www.risolatin.com\/pt-br\/impressoras-jato-de-tinta-riso\/recursos-2\/tabela-de-cores-dd\/&#8221;][\/vc_column][vc_column width=&#8221;1\/12&#8243;][vc_single_image image=&#8221;30060&#8243; img_size=&#8221;200x200px&#8221; alignment=&#8221;center&#8221; style=&#8221;vc_box_shadow_border_circle&#8221; onclick=&#8221;custom_link&#8221; qode_css_animation=&#8221;&#8221; qode_hover_animation=&#8221;darken&#8221; link=&#8221;https:\/\/www.risolatin.com\/pt-br\/controladores-de-impressao\/&#8221;][\/vc_column][vc_column width=&#8221;1\/12&#8243;][vc_single_image image=&#8221;30066&#8243; img_size=&#8221;200x200px&#8221; alignment=&#8221;center&#8221; style=&#8221;vc_box_shadow_border_circle&#8221; onclick=&#8221;custom_link&#8221; qode_css_animation=&#8221;&#8221; qode_hover_animation=&#8221;darken&#8221; link=&#8221;https:\/\/www.risolatin.com\/pt-br\/documentos-tecnicos\/&#8221;][\/vc_column][vc_column width=&#8221;1\/12&#8243;][vc_single_image image=&#8221;30084&#8243; img_size=&#8221;200x200px&#8221; alignment=&#8221;center&#8221; style=&#8221;vc_box_shadow_border_circle&#8221; onclick=&#8221;custom_link&#8221; qode_css_animation=&#8221;&#8221; qode_hover_animation=&#8221;darken&#8221; link=&#8221;https:\/\/www.risolatin.com\/pt-br\/videos\/&#8221;][\/vc_column][vc_column width=&#8221;1\/12&#8243;][vc_single_image image=&#8221;30069&#8243; img_size=&#8221;200x200px&#8221; alignment=&#8221;center&#8221; style=&#8221;vc_box_shadow_border_circle&#8221; onclick=&#8221;custom_link&#8221; qode_css_animation=&#8221;&#8221; qode_hover_animation=&#8221;darken&#8221;][\/vc_column][vc_column width=&#8221;1\/12&#8243;][\/vc_column][vc_column width=&#8221;1\/12&#8243;][\/vc_column][\/vc_row][vc_row css_animation=&#8221;&#8221; row_type=&#8221;row&#8221; use_row_as_full_screen_section=&#8221;no&#8221; type=&#8221;full_width&#8221; angled_section=&#8221;no&#8221; text_align=&#8221;left&#8221; background_image_as_pattern=&#8221;without_pattern&#8221;][vc_column][vc_empty_space height=&#8221;60px&#8221;][\/vc_column][\/vc_row][vc_row css_animation=&#8221;&#8221; row_type=&#8221;row&#8221; use_row_as_full_screen_section=&#8221;no&#8221; type=&#8221;full_width&#8221; angled_section=&#8221;no&#8221; text_align=&#8221;left&#8221; background_image_as_pattern=&#8221;without_pattern&#8221; el_class=&#8221;riso_hide&#8221; z_index=&#8221;&#8221;][vc_column width=&#8221;1\/6&#8243;][vc_empty_space][\/vc_column][vc_column width=&#8221;2\/3&#8243;][vc_single_image image=&#8221;29959&#8243; img_size=&#8221;full&#8221; alignment=&#8221;right&#8221; onclick=&#8221;custom_link&#8221; img_link_target=&#8221;_blank&#8221; qode_css_animation=&#8221;&#8221; link=&#8221;https:\/\/forms.office.com\/pages\/responsepage.aspx?id=MMyMU0_cekuLBqJDMCzUs1x9CZysfVVIghTD72vg-H1UQTZESzJTVEpDMDNJTElGNENQTUtBVVNMVS4u&amp;origin=lprLink&#8221;][\/vc_column][vc_column width=&#8221;1\/6&#8243;][vc_empty_space][\/vc_column][\/vc_row][vc_row css_animation=&#8221;&#8221; row_type=&#8221;row&#8221; use_row_as_full_screen_section=&#8221;no&#8221; type=&#8221;full_width&#8221; angled_section=&#8221;no&#8221; text_align=&#8221;left&#8221; background_image_as_pattern=&#8221;without_pattern&#8221;][vc_column][vc_empty_space][\/vc_column][\/vc_row]<\/p>\n","protected":false},"excerpt":{"rendered":"<p>[vc_row css_animation=&#8221;&#8221; row_type=&#8221;row&#8221; use_row_as_full_screen_section=&#8221;no&#8221; type=&#8221;grid&#8221; angled_section=&#8221;no&#8221; text_align=&#8221;left&#8221; background_image_as_pattern=&#8221;without_pattern&#8221; background_image=&#8221;15629&#8243; padding_top=&#8221;60&#8243; padding_bottom=&#8221;60&#8243; z_index=&#8221;&#8221;][vc_column width=&#8221;1\/6&#8243;][vc_empty_space][\/vc_column][vc_column width=&#8221;2\/3&#8243;][vc_empty_space][vc_column_text] RECURSOS [\/vc_column_text][\/vc_column][vc_column width=&#8221;1\/6&#8243;][vc_empty_space][\/vc_column][\/vc_row][vc_row css_animation=&#8221;&#8221; row_type=&#8221;row&#8221; use_row_as_full_screen_section=&#8221;no&#8221; type=&#8221;full_width&#8221; angled_section=&#8221;no&#8221; text_align=&#8221;left&#8221; background_image_as_pattern=&#8221;without_pattern&#8221;][vc_column][vc_empty_space height=&#8221;60px&#8221;][vc_column_text] Encontre os recursos que voc\u00ea precisa para otimizar sua experi\u00eancia e obter o m\u00e1ximo desempenho de nossos produtos. [\/vc_column_text][vc_empty_space height=&#8221;60px&#8221;][\/vc_column][\/vc_row][vc_row&#8230;<\/p>\n","protected":false},"author":36,"featured_media":30100,"parent":28550,"menu_order":1,"comment_status":"closed","ping_status":"closed","template":"full_width.php","meta":{"_uf_show_specific_survey":0,"_uf_disable_surveys":false,"footnotes":""},"class_list":["post-30113","page","type-page","status-publish","has-post-thumbnail","hentry"],"_links":{"self":[{"href":"https:\/\/www.risolatin.com\/pt-br\/wp-json\/wp\/v2\/pages\/30113","targetHints":{"allow":["GET"]}}],"collection":[{"href":"https:\/\/www.risolatin.com\/pt-br\/wp-json\/wp\/v2\/pages"}],"about":[{"href":"https:\/\/www.risolatin.com\/pt-br\/wp-json\/wp\/v2\/types\/page"}],"author":[{"embeddable":true,"href":"https:\/\/www.risolatin.com\/pt-br\/wp-json\/wp\/v2\/users\/36"}],"replies":[{"embeddable":true,"href":"https:\/\/www.risolatin.com\/pt-br\/wp-json\/wp\/v2\/comments?post=30113"}],"version-history":[{"count":0,"href":"https:\/\/www.risolatin.com\/pt-br\/wp-json\/wp\/v2\/pages\/30113\/revisions"}],"up":[{"embeddable":true,"href":"https:\/\/www.risolatin.com\/pt-br\/wp-json\/wp\/v2\/pages\/28550"}],"wp:featuredmedia":[{"embeddable":true,"href":"https:\/\/www.risolatin.com\/pt-br\/wp-json\/wp\/v2\/media\/30100"}],"wp:attachment":[{"href":"https:\/\/www.risolatin.com\/pt-br\/wp-json\/wp\/v2\/media?parent=30113"}],"curies":[{"name":"wp","href":"https:\/\/api.w.org\/{rel}","templated":true}]}}